{"id":47,"date":"2023-10-26T10:20:42","date_gmt":"2023-10-26T13:20:42","guid":{"rendered":"https:\/\/cajamar.sp.gov.br\/turismo\/?page_id=47"},"modified":"2023-12-13T09:05:32","modified_gmt":"2023-12-13T12:05:32","slug":"rotas-turisticas","status":"publish","type":"page","link":"https:\/\/cajamar.sp.gov.br\/turismo\/rotas-turisticas\/","title":{"rendered":"Rotas Tur\u00edsticas"},"content":{"rendered":"\n<p><strong>Seja bem vindo!<\/strong><\/p>\n\n\n\n<p class=\"has-text-align-left\">Fique atento, pois algumas rotas tur\u00edsticas listadas tem como ponto inicial a Pra\u00e7a Jos\u00e9 Rodrigues do Nascimento, em frente a Prefeitura Municipal de Cajamar. Divirta-se e aproveite todos os atrativos que a nossa cidade tem para oferecer, mas lembre-se de respeitar as normas de visita\u00e7\u00e3o das trilhas.<\/p>\n\n\n\n<p><strong>Centro de Eventos<\/strong> <strong>Boi\u00f3dromo:<\/strong><br><a href=\"https:\/\/goo.gl\/maps\/p7ASMXD1CKfwnN9C6\" target=\"_blank\" rel=\"noreferrer noopener\">VISUALIZAR NO GOOGLE MAPS<\/a><\/p>\n\n\n\n<p><strong>Cachoeira do Vau Novo<\/strong>:<br><a href=\"https:\/\/goo.gl\/maps\/YQW4maRQnJSMNjP78\" target=\"_blank\" rel=\"noreferrer noopener\">VISUALIZAR NO GOOGLE MAPS<\/a><\/p>\n\n\n\n<p><strong>Cap\u00e3o da On\u00e7a<\/strong>:<br><a href=\"https:\/\/goo.gl\/maps\/dit9kCiyhy8FsLpV9\" target=\"_blank\" rel=\"noreferrer noopener\">VISUALIZAR NO GOOGLE MAPS<\/a><\/p>\n\n\n\n<p><strong>Parque Cajamar Feliz (Polvilho) \u2013 Parque Cajamar Feliz (Jordan\u00e9sia)<\/strong><br><a href=\"https:\/\/goo.gl\/maps\/TbxHZ7Qwz1QMvu5s6\" target=\"_blank\" rel=\"noreferrer noopener\">VISUALIZAR NO GOOGLE MAPS<\/a><\/p>\n\n\n\n<p><strong>Parque Linear (Cajamar Centro)<\/strong> <strong>\u2013 Parque Natural Municipal de Cajamar<\/strong>:<br><a href=\"https:\/\/goo.gl\/maps\/BLrampwna8HjLNW79\" target=\"_blank\" rel=\"noreferrer noopener\">VISUALIZAR NO GOOGLE MAPS<\/a><\/p>\n\n\n\n<p><strong>Passagem dos Romeiros de Cajamar:<\/strong><br><a href=\"https:\/\/goo.gl\/maps\/Xhn7SKhbfoktEeuc6\" target=\"_blank\" rel=\"noreferrer noopener\">VISUALIZAR NO GOOGLE MAPS<\/a><\/p>\n\n\n\n<p><strong>Passagem dos Romeiros de Jundia\u00ed:<\/strong><br><a href=\"https:\/\/goo.gl\/maps\/Msgwp3J7QvhAvtfn7\" target=\"_blank\" rel=\"noreferrer noopener\">VISUALIZAR NO GOOGLE MAPS<\/a><\/p>\n\n\n\n<h2 class=\"wp-block-heading\">Diretrizes de Visita\u00e7\u00e3o<\/h2>\n\n\n\n<p>\u00c9 vedado aos visitantes:<\/p>\n\n\n\n<ul class=\"wp-block-list\">\n<li>A entrada e sa\u00edda dos atrativos por outro acesso que n\u00e3o seja autorizado;<\/li>\n\n\n\n<li>A utiliza\u00e7\u00e3o de atalhos ou a ultrapassagem de \u00e1reas interditadas;<\/li>\n\n\n\n<li>Distanciamento do grupo e das trilhas sinalizadas;<\/li>\n\n\n\n<li>Acampar no local, acender fogueiras, soltar bal\u00f5es ou qualquer outro ato que coloque em risco a natureza;<\/li>\n\n\n\n<li>A produ\u00e7\u00e3o de barulho excessivo, que possa afugentar ou estressar os animais e incomodar os outros visitantes e moradores, com o uso de instrumentos musicais, aparelho de som, celulares ou equipamentos instalados em carros;<\/li>\n\n\n\n<li>O dep\u00f3sito de lixo fora dos recipientes e locais espec\u00edficos para este fim;<\/li>\n\n\n\n<li>Fumar no local;<\/li>\n\n\n\n<li>A introdu\u00e7\u00e3o de plantas ou partes delas, da flora nativa ou ex\u00f3tica, e o plantio de qualquer esp\u00e9cie vegetal;<\/li>\n\n\n\n<li>A entrada de bal\u00f5es com\/sem g\u00e1s, pipas, aeromodelos, lan\u00e7a confetes, bast\u00f5es de fuma\u00e7a colorida, fogos de artif\u00edcio ou quaisquer outros objetos que possam provocar fa\u00edsca ou fogo;<\/li>\n\n\n\n<li>Escrever, gravar, pintar ou afixar letreiros, adesivos, cartazes, avisos ou objetos de qualquer natureza nas \u00e1rvores e demais plantas, nas placas e mapas, nas edifica\u00e7\u00f5es, bancos, pontes, muros, bebedouros e demais constru\u00e7\u00f5es e equipamentos;<\/li>\n\n\n\n<li>Arrancar, danificar ou apanhar galhos, flores, folhas, frutos e sementes do ch\u00e3o, ou de qualquer planta;<\/li>\n\n\n\n<li>Alimentar, capturar, tocar, maltratar ou matar qualquer animal, bem como destruir ou danificar ninhos, abrigos e criadouros naturais;<\/li>\n\n\n\n<li>&nbsp;Subir, amarrar balan\u00e7os, cordas ou quaisquer objetos nas \u00e1rvores ou nas demais plantas;<\/li>\n<\/ul>\n\n\n\n<p><\/p>\n","protected":false},"excerpt":{"rendered":"<p>Seja bem vindo! Fique atento, pois algumas rotas tur\u00edsticas listadas tem como ponto inicial a Pra\u00e7a Jos\u00e9 Rodrigues do Nascimento, em frente a Prefeitura Municipal de Cajamar. Divirta-se e aproveite todos os atrativos que a nossa cidade tem para oferecer, mas lembre-se de respeitar as normas de visita\u00e7\u00e3o das trilhas. Centro de Eventos Boi\u00f3dromo:VISUALIZAR NO [&hellip;]<\/p>\n","protected":false},"author":34,"featured_media":0,"parent":0,"menu_order":0,"comment_status":"closed","ping_status":"closed","template":"","meta":{"footnotes":""},"class_list":["post-47","page","type-page","status-publish","hentry"],"_links":{"self":[{"href":"https:\/\/cajamar.sp.gov.br\/turismo\/wp-json\/wp\/v2\/pages\/47","targetHints":{"allow":["GET"]}}],"collection":[{"href":"https:\/\/cajamar.sp.gov.br\/turismo\/wp-json\/wp\/v2\/pages"}],"about":[{"href":"https:\/\/cajamar.sp.gov.br\/turismo\/wp-json\/wp\/v2\/types\/page"}],"author":[{"embeddable":true,"href":"https:\/\/cajamar.sp.gov.br\/turismo\/wp-json\/wp\/v2\/users\/34"}],"replies":[{"embeddable":true,"href":"https:\/\/cajamar.sp.gov.br\/turismo\/wp-json\/wp\/v2\/comments?post=47"}],"version-history":[{"count":8,"href":"https:\/\/cajamar.sp.gov.br\/turismo\/wp-json\/wp\/v2\/pages\/47\/revisions"}],"predecessor-version":[{"id":150,"href":"https:\/\/cajamar.sp.gov.br\/turismo\/wp-json\/wp\/v2\/pages\/47\/revisions\/150"}],"wp:attachment":[{"href":"https:\/\/cajamar.sp.gov.br\/turismo\/wp-json\/wp\/v2\/media?parent=47"}],"curies":[{"name":"wp","href":"https:\/\/api.w.org\/{rel}","templated":true}]}}