{"id":50,"date":"2023-10-26T10:20:53","date_gmt":"2023-10-26T13:20:53","guid":{"rendered":"https:\/\/cajamar.sp.gov.br\/turismo\/?page_id=50"},"modified":"2025-02-11T10:50:08","modified_gmt":"2025-02-11T13:50:08","slug":"eventos-2025","status":"publish","type":"page","link":"https:\/\/cajamar.sp.gov.br\/turismo\/eventos-2025\/","title":{"rendered":"Eventos 2025"},"content":{"rendered":"\n<p><strong>Corrida de S\u00e3o Sebasti\u00e3o<\/strong><br><strong>Data: 19\/01<\/strong><br>A tradicional Corrida de S\u00e3o Sebasti\u00e3o faz parte das homenagens ao Santo Padroeiro de Cajamar reunindo atletas de toda a regi\u00e3o com direito a medalhas e trof\u00e9us para os ganhadores de cada categoria.<\/p>\n\n\n\n<p><strong>Festa de S\u00e3o Sebasti\u00e3o<\/strong><br><strong>Data: 20\/01<\/strong><br>Tradicional festa de S\u00e3o Sebasti\u00e3o, em comemora\u00e7\u00e3o ao dia do Padroeiro de Cajamar. A celebra\u00e7\u00e3o ser\u00e1 realizada no dia do feriado municipal e conta com a apresenta\u00e7\u00e3o de cantores e bandas locais, pra\u00e7a de alimenta\u00e7\u00e3o, entre outras atra\u00e7\u00f5es.<\/p>\n\n\n\n<p><strong>Festa do Anivers\u00e1rio da Cidade<\/strong><br><strong>Data: 15\/02 e 16\/02<\/strong><br>O m\u00eas de fevereiro \u00e9 marcado pelo clima de celebra\u00e7\u00e3o na cidade, onde acontecem diversos shows com artistas renomados e com muita alegria.<\/p>\n\n\n\n<p><strong>Festival Gastron\u00f4mico &#8220;Degusta Cajamar&#8221;<\/strong><br><strong>Data: 19\/02 a 23\/03<\/strong><br>O Festival Gastron\u00f4mico \u201cDegusta Cajamar\u201d tem como objetivo criar uma oportunidade aos empreendedores da cidade que fomentam o fascinante mundo da culin\u00e1ria por meio do reconhecimento e valoriza\u00e7\u00e3o do talento de quem sabe transformar comida em arte, atraindo diversos turistas para saborear as mais deliciosas refei\u00e7\u00f5es.<\/p>\n\n\n\n<p><strong>Exposi\u00e7\u00e3o de Carros Antigos<\/strong><br><strong>Data: 06\/04<\/strong><br>Encontro de diversos colecionadores da regi\u00e3o, exibindo diferentes modelos de ve\u00edculos com mais de 30 anos de fabrica\u00e7\u00e3o.<\/p>\n\n\n\n<p><strong>Festa do Dia do Trabalhador<\/strong><br><strong>Data: 01\/05<\/strong><br>Evento no Dia Internacional do Trabalhador em homenagem aos trabalhadores . A comemora\u00e7\u00e3o agita a  regi\u00e3o e re\u00fane milhares de pessoas em um dia repleto de m\u00fasica e divers\u00e3o.<\/p>\n\n\n\n<p><strong>Comemora\u00e7\u00e3o do dia da luta dos Pelegos e Queixadas<\/strong><br><strong>Data: 14\/05<\/strong><br>Data comemorativa pela luta dos trabalhadores cajamarenses por melhores condi\u00e7\u00f5es de trabalho, sal\u00e1rios e benef\u00edcios na f\u00e1brica de cimento Perus.<\/p>\n\n\n\n<p><strong>Expo Empregabilidade<\/strong><br><strong>Data: maio<\/strong><br>Evento que atrai diversas empresas para ofertar mais de 6 mil vagas de emprego em diferentes \u00e1reas, apresentando uma excelente oportunidade para a vaga dos sonhos.<\/p>\n\n\n\n<p><strong>Festa do Pe\u00e3o de Cajamar<\/strong><br><strong>Data: 01, 02, 03, 09, 10 de maio<\/strong><br>Um evento realizado h\u00e1 mais de 30 anos carregando uma grande mem\u00f3ria hist\u00f3rica e afetiva. A Festa do Pe\u00e3o de Cajamar conta com shows de artistas renomados, apresenta\u00e7\u00f5es culturais, deliciosa gastronomia e muita divers\u00e3o que atrai milhares turistas todos os anos.<\/p>\n\n\n\n<p><strong>Feira P\u00f4r do Sol<\/strong><br><strong>Data: 04\/05<\/strong><br>Oportunidade de usufruir uma experi\u00eancia agrad\u00e1vel em um dos pontos tur\u00edsticos de Cajamar. O evento contar\u00e1 com produtos artesanais, artes\u00e3os, m\u00fasica ao vivo, apresenta\u00e7\u00f5es, e uma paisagem fascinante!<\/p>\n\n\n\n<p><strong>3\u00aa Corrida Verde<\/strong><br><strong>Data: 01\/06<\/strong><br>Em comemora\u00e7\u00e3o \u00e0 Semana do Meio Ambiente, a Secretaria de Turismo promove no m\u00eas junho a Corrida Verde de Cajamar fomentando o turismo esportivo e o ecoturismo, atraindo turistas de toda a regi\u00e3o.<\/p>\n\n\n\n<p><strong>Copa FBR Mountain Bike<\/strong><br><strong>Data: 13\/07<\/strong><br>Evento onde os praticantes de mountain bike desfrutam da emo\u00e7\u00e3o de explorar novos caminhos, superaram obst\u00e1culos naturais e contemplam paisagens deslumbrantes.<\/p>\n\n\n\n<p><strong>Expo Empreender<\/strong><br><strong>Data: setembro<\/strong><br>Exposi\u00e7\u00e3o&nbsp;que valoriza e proporciona&nbsp; visibilidade&nbsp; a&nbsp; exemplos&nbsp; de&nbsp; sucesso&nbsp; de&nbsp; empreendedores&nbsp; cajamarenses,&nbsp; que&nbsp; contam suas&nbsp; hist\u00f3rias&nbsp; e&nbsp; demonstram seu&nbsp; trabalho&nbsp; ao&nbsp; longo&nbsp; de&nbsp; tr\u00eas&nbsp; dias&nbsp; em&nbsp; um&nbsp; ambiente&nbsp; excepcional&nbsp; para&nbsp; o&nbsp; estabelecimento&nbsp; de&nbsp; parcerias&nbsp; de&nbsp; neg\u00f3cios&nbsp; e&nbsp; capta\u00e7\u00e3o&nbsp; de&nbsp; novos&nbsp; clientes.&nbsp; O&nbsp; evento&nbsp; conta tamb\u00e9m&nbsp; com&nbsp; palestras,&nbsp; apresenta\u00e7\u00f5es&nbsp; e&nbsp; competi\u00e7\u00f5es voltadas tanto ao empreendedorismo como ao p\u00fablico em geral.<\/p>\n\n\n\n<p><strong>Desfile C\u00edvico<\/strong><br><strong>Data: 07\/09<\/strong><br>Comemora\u00e7\u00e3o ao Dia da Independ\u00eancia do Brasil unindo as principais institui\u00e7\u00f5es do munic\u00edpio atrav\u00e9s de um desfile especial.<\/p>\n\n\n\n<p><strong>Festa Nordestina<\/strong> <br><strong>Data: 04, 05, e 06 de outubro<\/strong><br>S\u00e3o 3 dias de festa reunindo milhares de pessoas para comemorar o Dia do Nordestino no ritmo de forr\u00f3, arrocha e um arrasta-p\u00e9 pra l\u00e1 de animado, que contagia a regi\u00e3o. O evento conta com atra\u00e7\u00f5es musicais,  pra\u00e7a de alimenta\u00e7\u00e3o com diversas comidas t\u00edpicas da culin\u00e1ria nordestina, feita por comerciantes cajamarenses. <\/p>\n\n\n\n<p><strong>Concurso Miss e Mister Melhor Idade<\/strong><br><strong>Data: 11\/10<\/strong><br>Uma noite de muita divers\u00e3o realizada em outubro em comemora\u00e7\u00e3o ao m\u00eas do idoso. Os candidatos participam do concurso, desfilando individualmente para a avalia\u00e7\u00e3o de cinco jurados convidados. Na sequ\u00eancia, os vencedores da edi\u00e7\u00e3o anterior passam suas faixas aos respectivos vencedores. <\/p>\n\n\n\n<p><strong>Festa do Dia das Crian\u00e7as<\/strong><br><strong>Data: 12\/10<\/strong><br>Comemora\u00e7\u00e3o ao Dia das Crian\u00e7as com uma festa incr\u00edvel cheia de brinquedos infl\u00e1veis gigantes, m\u00fasicas, brincadeiras. As crian\u00e7as ainda desfrutam de pipoca, algod\u00e3o doce, cachorro-quente e refrigerantes, tudo gratuitamente. S\u00e3o milhares de sorrisos e momentos especiais que marcam essa celebra\u00e7\u00e3o.<\/p>\n\n\n\n<p><strong>Caminhada Outubro Rosa<\/strong><br><strong>Data: 26\/10<\/strong><br>Reunindo centenas de pessoas, o evento tem como objetivo promover a conscientiza\u00e7\u00e3o das mulheres sobre a import\u00e2ncia da preven\u00e7\u00e3o do c\u00e2ncer de mama.<\/p>\n\n\n\n<p><strong>Pr\u00eamio Destaque Empreendedora<\/strong><br><strong>Data: 19\/11<\/strong><br>O Pr\u00eamio Destaque Empreendedora busca n\u00e3o apenas homenagear mulheres que, com seu trabalho e vis\u00e3o, fortalecem o tecido econ\u00f4mico e social de Cajamar, mas tamb\u00e9m inspirar potenciais empreendedoras e contribuir para um ambiente econ\u00f4mico mais din\u00e2mico e inclusivo.<\/p>\n\n\n\n<p><strong>Corrida Novembro Azul<\/strong><br><strong>Data: 23\/11<\/strong><br>Um evento esportivo que tem como objetivo conscientizar a popula\u00e7\u00e3o sobre a import\u00e2ncia da preven\u00e7\u00e3o do c\u00e2ncer de pr\u00f3stata.<\/p>\n\n\n\n<p><\/p>\n\n\n\n<p><\/p>\n","protected":false},"excerpt":{"rendered":"<p>Corrida de S\u00e3o Sebasti\u00e3oData: 19\/01A tradicional Corrida de S\u00e3o Sebasti\u00e3o faz parte das homenagens ao Santo Padroeiro de Cajamar reunindo atletas de toda a regi\u00e3o com direito a medalhas e trof\u00e9us para os ganhadores de cada categoria. Festa de S\u00e3o Sebasti\u00e3oData: 20\/01Tradicional festa de S\u00e3o Sebasti\u00e3o, em comemora\u00e7\u00e3o ao dia do Padroeiro de Cajamar. A [&hellip;]<\/p>\n","protected":false},"author":34,"featured_media":0,"parent":0,"menu_order":0,"comment_status":"closed","ping_status":"closed","template":"","meta":{"footnotes":""},"class_list":["post-50","page","type-page","status-publish","hentry"],"_links":{"self":[{"href":"https:\/\/cajamar.sp.gov.br\/turismo\/wp-json\/wp\/v2\/pages\/50","targetHints":{"allow":["GET"]}}],"collection":[{"href":"https:\/\/cajamar.sp.gov.br\/turismo\/wp-json\/wp\/v2\/pages"}],"about":[{"href":"https:\/\/cajamar.sp.gov.br\/turismo\/wp-json\/wp\/v2\/types\/page"}],"author":[{"embeddable":true,"href":"https:\/\/cajamar.sp.gov.br\/turismo\/wp-json\/wp\/v2\/users\/34"}],"replies":[{"embeddable":true,"href":"https:\/\/cajamar.sp.gov.br\/turismo\/wp-json\/wp\/v2\/comments?post=50"}],"version-history":[{"count":8,"href":"https:\/\/cajamar.sp.gov.br\/turismo\/wp-json\/wp\/v2\/pages\/50\/revisions"}],"predecessor-version":[{"id":394,"href":"https:\/\/cajamar.sp.gov.br\/turismo\/wp-json\/wp\/v2\/pages\/50\/revisions\/394"}],"wp:attachment":[{"href":"https:\/\/cajamar.sp.gov.br\/turismo\/wp-json\/wp\/v2\/media?parent=50"}],"curies":[{"name":"wp","href":"https:\/\/api.w.org\/{rel}","templated":true}]}}