{"id":6,"date":"2022-05-09T17:47:58","date_gmt":"2022-05-09T20:47:58","guid":{"rendered":"https:\/\/cajamar.sp.gov.br\/turismo\/?page_id=6"},"modified":"2025-09-11T09:42:25","modified_gmt":"2025-09-11T12:42:25","slug":"turismo","status":"publish","type":"page","link":"https:\/\/cajamar.sp.gov.br\/turismo\/","title":{"rendered":"Secretaria Municipal de Turismo e Cultura"},"content":{"rendered":"\n<figure class=\"wp-block-image size-full\"><img fetchpriority=\"high\" decoding=\"async\" width=\"1200\" height=\"627\" src=\"https:\/\/cajamar.sp.gov.br\/turismo\/wp-content\/uploads\/sites\/32\/2025\/08\/imagem-1.png\" alt=\"\" class=\"wp-image-836\" srcset=\"https:\/\/cajamar.sp.gov.br\/turismo\/wp-content\/uploads\/sites\/32\/2025\/08\/imagem-1.png 1200w, https:\/\/cajamar.sp.gov.br\/turismo\/wp-content\/uploads\/sites\/32\/2025\/08\/imagem-1-768x401.png 768w\" sizes=\"(max-width: 1200px) 100vw, 1200px\" \/><\/figure>\n\n\n\n<head>\n  <link href=\"https:\/\/cdnjs.cloudflare.com\/ajax\/libs\/font-awesome\/6.5.2\/css\/all.min.css\" rel=\"stylesheet\">\n<\/head>\n\n<style>\n.grid-botoes {\n  display: flex;\n  flex-wrap: wrap;\n  justify-content: center;\n  gap: 1rem;\n}\n\n.botao-fa {\n  display: flex;\n  flex-direction: column;\n  align-items: center;\n  justify-content: center;\n  width: calc(25% - 1rem);\n  height: 120px;\n  text-align: center;\n  border-radius: 5px;\n  background-color: #289CDB;\n  color: #fff !important;\n  text-decoration: none;\n  font-size: 16px;\n  font-family: sans-serif;\n  font-weight: 700;\n  transition: background-color 0.3s;\n  text-transform: uppercase;\n}\n.botao-fa:hover {\n  background-color: #1a7fb4;\n  color: #fff !important;\n}\n.botao-fa i {\n  font-size: 28px;\n  margin-bottom: 8px;\n  color: #fff !important;\n}\n\n@media (max-width: 768px) {\n  .botao-fa {\n    width: calc(50% - 1rem);\n  }\n}\n@media (max-width: 480px) {\n  .botao-fa {\n    width: 100%;\n  }\n}\n\n<\/style>\n<div class=\"grid-botoes\">\n  <a class=\"botao-fa\" href=\"https:\/\/cajamar.sp.gov.br\/turismo\/concurso-literario\/\">\n    <i class=\"fa-solid fa-book-open\"><\/i>\n    Concurso Liter\u00e1rio\n  <\/a>\n  <a class=\"botao-fa\" href=\"https:\/\/cajamar.sp.gov.br\/turismo\/oficinas-culturais\/\">\n    <i class=\"fa-solid fa-masks-theater\"><\/i>\n    Oficinas Culturais\n  <\/a>\n  <a class=\"botao-fa\" href=\"https:\/\/cajamar.sp.gov.br\/turismo\/pnab-2025\/\">\n    <i class=\"fas fa-chalkboard-teacher\"><\/i>\n    Pol\u00edtica Nacional Aldir Blanc\n  <\/a>\n  <a class=\"botao-fa\" href=\"https:\/\/cajamar.sp.gov.br\/turismo\/cadastro-cultural\/\">\n    <i class=\"fa-solid fa-file-lines\"><\/i>\n    Cadastro Cultural\n  <\/a>\n  <a class=\"botao-fa\" href=\"https:\/\/cajamar.sp.gov.br\/turismo\/boletim-mensal\/\">\n    <i class=\"fa-solid fa-newspaper\"><\/i>\n    Observat\u00f3rio de Turismo\n  <\/a>\n  <a class=\"botao-fa\" href=\"https:\/\/cajamar.sp.gov.br\/turismo\/vencedores\/\">\n    <i class=\"fa-solid fa-burger\"><\/i>\n    Degusta Cajamar\n  <\/a>\n  <a class=\"botao-fa\" href=\"https:\/\/cajamar.sp.gov.br\/noticias\/2025\/06\/01\/3a-corrida-verde-de-cajamar-reune-centenas-de-atletas-em-celebracao-ao-meio-ambiente\/\">\n    <i class=\"fas fa-running\"><\/i>\n    Corrida Verde\n  <\/a>\n  <a class=\"botao-fa\" href=\"https:\/\/cadastur.turismo.gov.br\/hotsite\/#!\/public\/sou-prestador\/inicio\">\n    <i class=\"fas fa-id-card-alt\"><\/i>\n    Cadastur\n  <\/a>\n<\/div>\n\n\n\n<p><\/p>\n\n\n\n<p>A Secretaria Municipal de Turismo e Cultura, identificada pela sigla <strong>SMTC<\/strong>, como \u00f3rg\u00e3o de perfil final\u00edstico, est\u00e1 organizada da seguinte forma:<\/p>\n\n\n\n<ul class=\"wp-block-list\">\n<li>Expediente;<br><\/li>\n\n\n\n<li>Departamento de Turismo, composto por:<br>a) Divis\u00e3o de Cadastro e Informa\u00e7\u00f5es Tur\u00edsticas.<\/li>\n\n\n\n<li>Departamento de Promo\u00e7\u00e3o Cultural, composto por:<br>a) Divis\u00e3o de Atividades Culturais;<br>b) Divis\u00e3o de Equipamentos Culturais.<\/li>\n<\/ul>\n\n\n\n<p><strong>&nbsp;Compete \u00e0 Secretaria Municipal de Turismo e Cultura:<\/strong><\/p>\n\n\n\n<ul class=\"wp-block-list\">\n<li>Formular pol\u00edticas e diretrizes voltadas \u00e0 promo\u00e7\u00e3o do turismo e cultura;<\/li>\n\n\n\n<li>Implantar, revisar e atualizar o Plano Diretor de Turismo, com as diretrizes para a promo\u00e7\u00e3o do desenvolvimento social e econ\u00f4mico do turismo;<\/li>\n\n\n\n<li>Gerir e divulgar as pol\u00edticas, projetos e programas para a\u00e7\u00f5es e eventos de turismo e cultura no Munic\u00edpio de Cajamar;<\/li>\n\n\n\n<li>Gerir, de forma coordenada com a Secretaria Municipal de Meio Ambiente e Secretaria Municipal de Esportes e Lazer, espa\u00e7os de interesse tur\u00edstico;<\/li>\n\n\n\n<li>Promover parcerias com a Sociedade Civil e com entes federativos, com o objetivo de fomentar o fluxo tur\u00edstico no Munic\u00edpio de Cajamar;<\/li>\n\n\n\n<li>Promover parcerias e programas de coopera\u00e7\u00e3o com organiza\u00e7\u00f5es nacionais e internacionais, p\u00fablicas e privadas, voltados \u00e0 promo\u00e7\u00e3o do turismo e eventos;<\/li>\n\n\n\n<li>Gerir e divulgar marcas vinculadas ao turismo na Cidade de Cajamar, para comercializa\u00e7\u00e3o, explora\u00e7\u00e3o e servi\u00e7os relativos ao turismo, em \u00e2mbito nacional e internacional;<\/li>\n\n\n\n<li>Promover e executar a realiza\u00e7\u00e3o de eventos p\u00fablicos municipais, quando solicitado, que tenham por objeto atra\u00e7\u00e3o e\/ou desenvolvimento do turismo na Cidade de Cajamar;<\/li>\n\n\n\n<li>Promover o apoio e\/ou patroc\u00ednio a projetos ou eventos de interesse social, tur\u00edstico, cultural, e outros similares, quando solicitado;<\/li>\n\n\n\n<li>Captar patroc\u00ednios com a iniciativa privada para campanhas cooperadas de promo\u00e7\u00e3o da Cidade de Cajamar como destino tur\u00edstico;<\/li>\n\n\n\n<li>Desenvolver e apoiar a\u00e7\u00f5es de forma\u00e7\u00e3o, capacita\u00e7\u00e3o e qualifica\u00e7\u00e3o dos profissionais e prestadores de servi\u00e7os tur\u00edsticos;<\/li>\n\n\n\n<li>Promover o diagn\u00f3stico de todos os aspectos patrimoniais, culturais, hist\u00f3ricos, paisag\u00edsticos, ambientais, e tur\u00edsticos do Munic\u00edpio, buscando a partir dessa a\u00e7\u00e3o, criar estruturas cab\u00edveis ao Planejamento Tur\u00edstico da cidade de Cajamar;<\/li>\n\n\n\n<li>Assegurar a organiza\u00e7\u00e3o dos Conselhos Municipais afetos a sua \u00e1rea de organiza\u00e7\u00e3o, nos termos da legisla\u00e7\u00e3o Municipal vigente, fornecendo os meios necess\u00e1rios para sua instala\u00e7\u00e3o e funcionamento;<\/li>\n\n\n\n<li>Gerir o Fundo Municipal de Turismo \u2013 FUMTUR;<\/li>\n\n\n\n<li>Planejar, coordenar, executar e acompanhar as pol\u00edticas p\u00fablicas, programas, projetos, diretrizes e metas objetivando o desenvolvimento da Cultura;<\/li>\n\n\n\n<li>Fomentar a preserva\u00e7\u00e3o da mem\u00f3ria, da hist\u00f3ria e dos valores culturais populares do Munic\u00edpio;<\/li>\n\n\n\n<li>Exercer outras atribui\u00e7\u00f5es correlatas e complementares em sua \u00e1rea de atua\u00e7\u00e3o.<\/li>\n<\/ul>\n\n\n\n<p><strong>Compete ao Expediente:<\/strong><\/p>\n\n\n\n<ul class=\"wp-block-list\">\n<li>Receber e registrar adequadamente os documentos oficiais, correspond\u00eancias e processos administrativos, como of\u00edcios, memorandos, peti\u00e7\u00f5es, e-mails e outros documentos de interesse da Secretaria;<\/li>\n\n\n\n<li>Distribuir documentos registrados para os setores respons\u00e1veis dentre os departamentos e unidades da Secretaria, assegurando que as demandas sejam tratadas de maneira eficiente e tempestiva;<\/li>\n\n\n\n<li>Controlar prazos de resposta mantendo um sistema de controle para garantir que os documentos sejam processados dentro dos prazos estabelecidos, evitando atrasos e preju\u00edzos \u00e0 Administra\u00e7\u00e3o P\u00fablica;<\/li>\n\n\n\n<li>Zelar pela integridade e confidencialidade assegurando a guarda dos documentos confidenciais, garantindo que informa\u00e7\u00f5es sens\u00edveis sejam acessadas apenas por pessoas autorizadas;<\/li>\n\n\n\n<li>Gerenciar a movimenta\u00e7\u00e3o de servidores da Secretaria, incluindo nomea\u00e7\u00f5es, transfer\u00eancias, f\u00e9rias, licen\u00e7as, ocorr\u00eancias de ponto e outros aspectos da gest\u00e3o de pessoal;<\/li>\n\n\n\n<li>Elaborar o planejamento or\u00e7ament\u00e1rio da Secretaria, assegurando que os recursos financeiros sejam alocados de acordo com as prioridades e as necessidades da gest\u00e3o p\u00fablica;<\/li>\n\n\n\n<li>Acompanhar a execu\u00e7\u00e3o or\u00e7ament\u00e1ria da Secretaria, garantindo que as despesas sejam realizadas dentro dos limites e conforme as diretrizes estabelecidas;<\/li>\n\n\n\n<li>Gerenciar a manuten\u00e7\u00e3o predial e de infraestrutura, manuten\u00e7\u00e3o e conserva\u00e7\u00e3o das unidades da Secretaria, incluindo reparos de equipamentos, instala\u00e7\u00f5es e sistemas, garantindo que as condi\u00e7\u00f5es de trabalho sejam adequadas para os servidores e visitantes;<\/li>\n\n\n\n<li>Gerenciar os contratos da Secretaria assegurando que sejam cumpridos de acordo com as cl\u00e1usulas contratuais;<\/li>\n\n\n\n<li>Gerenciar aditivos e prorroga\u00e7\u00f5es contratuais da Secretaria, garantindo a formaliza\u00e7\u00e3o adequada e o cumprimento das disposi\u00e7\u00f5es legais e regulamentares;<\/li>\n\n\n\n<li>Realizar outras atividades afins.<\/li>\n<\/ul>\n\n\n\n<p><strong>Compete ao Departamento de Turismo:<\/strong><\/p>\n\n\n\n<ul class=\"wp-block-list\">\n<li>Promover o desenvolvimento tur\u00edstico do Munic\u00edpio, atrav\u00e9s de est\u00edmulo as atividades tur\u00edsticas e de fomento ao turismo;<\/li>\n\n\n\n<li>Elaborar e implementar programas tur\u00edsticos em articula\u00e7\u00e3o com as unidades afins da Administra\u00e7\u00e3o;<\/li>\n\n\n\n<li>Coordenar e implementar a\u00e7\u00f5es, atrav\u00e9s da colabora\u00e7\u00e3o da comunidade, visando a prote\u00e7\u00e3o do patrim\u00f4nio tur\u00edstico do Munic\u00edpio, atrav\u00e9s de invent\u00e1rios, registros, mapeamentos, aerofotografias, vigil\u00e2ncia e outros meios de preserva\u00e7\u00e3o;<\/li>\n\n\n\n<li>Organizar, coordenar eventos, em colabora\u00e7\u00e3o com outros \u00f3rg\u00e3os municipais, relacionados com o Turismo do Munic\u00edpio;<\/li>\n\n\n\n<li>Desenvolver a\u00e7\u00f5es, em articula\u00e7\u00e3o com entidades locais, voltadas ao apoio e a promo\u00e7\u00e3o de eventos que fomentem o Turismo no Munic\u00edpio, tais como: feiras, congressos, semin\u00e1rios e outras;<\/li>\n\n\n\n<li>Planejar o Calend\u00e1rio de atividades tur\u00edsticas de interesse do Munic\u00edpio;<\/li>\n\n\n\n<li>Promover o suporte necess\u00e1rio para os trabalhos do Conselho Municipal de Turismo \u2013 COMTUR, fornecendo os meios necess\u00e1rios para sua instala\u00e7\u00e3o e funcionamento;<\/li>\n\n\n\n<li>Planejar, coordenar e promover conv\u00eanios e a\u00e7\u00f5es em conjunto com entidades p\u00fablicas ou privadas para a implanta\u00e7\u00e3o de projetos de interesse do Munic\u00edpio em parceria com a Secretaria Municipal de Fazenda e Gest\u00e3o Estrat\u00e9gica;<\/li>\n\n\n\n<li>Acompanhar e proceder \u00e0s a\u00e7\u00f5es necess\u00e1rias para manter a regularidade da SMTUR;<\/li>\n\n\n\n<li>Verificar os procedimentos, as normas e legisla\u00e7\u00f5es aplicadas;<\/li>\n\n\n\n<li>Identificar n\u00e3o conformidades e propor adequadas medidas corretivas e preventivas.<\/li>\n\n\n\n<li>Realizar outras atividades afins.<\/li>\n<\/ul>\n\n\n\n<p><strong>Compete \u00e0 Divis\u00e3o de Cadastro e Informa\u00e7\u00f5es Tur\u00edsticas:<\/strong><\/p>\n\n\n\n<ul class=\"wp-block-list\">\n<li>Promover o invent\u00e1rio\/levantamento de ofertas e demandas Tur\u00edsticas;<\/li>\n\n\n\n<li>Gerir a\u00e7\u00f5es para execu\u00e7\u00e3o do Plano Diretor de Turismo;<\/li>\n\n\n\n<li>Promover e divulgar os atrativos tur\u00edsticos e a infraestrutura tur\u00edstica do Munic\u00edpio;<\/li>\n\n\n\n<li>Promover a implanta\u00e7\u00e3o do CIT \u2013 Centro de Informa\u00e7\u00f5es Tur\u00edsticas, com a finalidade de dar suporte e atendimento ao turista e visitante, tanto com rela\u00e7\u00e3o a informa\u00e7\u00f5es sobre o Munic\u00edpio de sua hist\u00f3ria, como tamb\u00e9m seus roteiros tur\u00edsticos, mapas de localiza\u00e7\u00e3o, apresenta\u00e7\u00e3o dos eventos, bem como informa\u00e7\u00f5es sobre a infraestrutura voltada ao turismo: restaurantes, hospedagem, parques, shoppings, centro de compras, etc;<\/li>\n\n\n\n<li>Realizar outras atividades afins.<\/li>\n<\/ul>\n\n\n\n<p><strong>Compete ao Departamento de Promo\u00e7\u00e3o Cultural:<\/strong><\/p>\n\n\n\n<ul class=\"wp-block-list\">\n<li>Formular, implementar e avaliar as pol\u00edticas p\u00fablicas de promo\u00e7\u00e3o cultural no Munic\u00edpio;<\/li>\n\n\n\n<li>Elaborar o Plano Municipal de Cultura, com diretrizes, objetivos e metas com indicadores a serem alcan\u00e7ados;<\/li>\n\n\n\n<li>Proporcionar e garantir \u00e0 popula\u00e7\u00e3o o acesso \u00e0 cultura e seus respectivos eventos, atrav\u00e9s da promo\u00e7\u00e3o de encontros, festivais, shows, apresenta\u00e7\u00f5es, feiras, exposi\u00e7\u00f5es e afins;<\/li>\n\n\n\n<li>Zelar e gerir os equipamentos e espa\u00e7os de produ\u00e7\u00e3o e promo\u00e7\u00e3o da cultura;<\/li>\n\n\n\n<li>Desenvolver e implementar programas e projetos voltados \u00e0 produ\u00e7\u00e3o cultural ou meios que possam viabiliz\u00e1-la no Munic\u00edpio;<\/li>\n\n\n\n<li>Planejar e abrir, sem ou com parcerias, cursos e oficinas de cultura de diversas modalidades;<\/li>\n\n\n\n<li>Elaborar, organizar, publicar e realizar processos de cadastramento com finalidade de fomentar a produ\u00e7\u00e3o cultural de m\u00faltiplas modalidades no Munic\u00edpio, mediante editais espec\u00edficos;<\/li>\n\n\n\n<li>Elaborar e publicar editais de chamamento p\u00fablico;<\/li>\n\n\n\n<li>Preservar a mem\u00f3ria, a hist\u00f3ria e os valores culturais populares do Munic\u00edpio, mediante a conserva\u00e7\u00e3o e registro;<\/li>\n\n\n\n<li>Planejar e realizar campanhas de comunica\u00e7\u00e3o p\u00fablica e divulga\u00e7\u00e3o das a\u00e7\u00f5es culturais desenvolvidas e ofertadas pela Secretaria;<\/li>\n\n\n\n<li>Promover suporte ao Conselho Municipal de Pol\u00edtica Cultural;<\/li>\n\n\n\n<li>Propor, produzir e\/ou estabelecer parcerias na oferta de cursos e oficinas de cultura de diversas modalidades;<\/li>\n\n\n\n<li>Realizar outras atividades afins.<\/li>\n<\/ul>\n\n\n\n<p><strong>Compete \u00e0 Divis\u00e3o de Atividades Culturais:<\/strong><\/p>\n\n\n\n<ul class=\"wp-block-list\">\n<li>Desenvolver e promover projetos culturais que envolvam a participa\u00e7\u00e3o ativa da comunidade, com foco na realiza\u00e7\u00e3o de concursos e na implementa\u00e7\u00e3o de cursos voltados para a forma\u00e7\u00e3o cultural, principalmente de crian\u00e7as e jovens;<\/li>\n\n\n\n<li>Gerenciar e coordenar equipes respons\u00e1veis pelas iniciativas culturais, promovendo a pluralidade e diversidade nas express\u00f5es art\u00edsticas e culturais do Munic\u00edpio;<\/li>\n\n\n\n<li>Desenvolver cursos gratuitos ou com baixo custo, garantindo o acesso democr\u00e1tico e inclusivo da comunidade;<\/li>\n\n\n\n<li>Organizar eventos culturais como festivais, exposi\u00e7\u00f5es, apresenta\u00e7\u00f5es teatrais e musicais, promovendo a intera\u00e7\u00e3o entre os artistas locais e o p\u00fablico;<\/li>\n\n\n\n<li>Gerir as equipes t\u00e9cnicas, garantindo o bom andamento das atividades culturais e a execu\u00e7\u00e3o dos projetos.<\/li>\n\n\n\n<li>Realizar outras atividades afins<\/li>\n<\/ul>\n\n\n\n<p><strong>Compete \u00e0 Divis\u00e3o de Equipamentos Culturais:<\/strong><\/p>\n\n\n\n<ul class=\"wp-block-list\">\n<li>Administrar e operacionalizar equipamentos e espa\u00e7os de produ\u00e7\u00e3o e promo\u00e7\u00e3o da cultura;<\/li>\n\n\n\n<li>Realizar a manuten\u00e7\u00e3o e zelo dos equipamentos e espa\u00e7os de cultura sob responsabilidade da Secretaria;<\/li>\n\n\n\n<li>Supervisionar as condi\u00e7\u00f5es f\u00edsicas das instala\u00e7\u00f5es, do patrim\u00f4nio, mobili\u00e1rio, objetos art\u00edsticos e de exposi\u00e7\u00f5es, e tomar medidas para sua conserva\u00e7\u00e3o sempre que for necess\u00e1rio;<\/li>\n\n\n\n<li>Notificar sobre perda, furto roubo de pe\u00e7as, equipamentos ou objetos art\u00edsticos e de exposi\u00e7\u00f5es dos equipamentos p\u00fablicos, fazendo boletim de ocorr\u00eancia \u00e0s autoridades policiais;<\/li>\n\n\n\n<li>Desenvolver e executar as atividades culturais oferecidas nos equipamentos de sua responsabilidade no Munic\u00edpio;<\/li>\n\n\n\n<li>Gerir as equipes de trabalho vinculadas aos equipamentos de cultura do Munic\u00edpio;<\/li>\n\n\n\n<li>Planejar, organizar, divulgar e executar cursos, workshops, eventos, saraus, feiras e atividades regulares nos equipamentos culturais;<\/li>\n\n\n\n<li>Realizar outras atividades afins.<\/li>\n<\/ul>\n\n\n\n<p><strong>A estrutura organizacional da Secretaria Municipal de Turismo e Cultura \u00e9 dividida em:<\/strong><br><br>Subsecret\u00e1rio<br>Diretor de Departamento<br>Chefe de Divis\u00e3o<br>Apoio Or\u00e7ament\u00e1rio<br>Apoio de Gest\u00e3o de Recursos Humanos<br>Apoio Operacional<\/p>\n\n\n\n<p><br><\/p>\n","protected":false},"excerpt":{"rendered":"<p>Concurso Liter\u00e1rio Oficinas Culturais Pol\u00edtica Nacional Aldir Blanc Cadastro Cultural Observat\u00f3rio de Turismo Degusta Cajamar Corrida Verde Cadastur A Secretaria Municipal de Turismo e Cultura, identificada pela sigla SMTC, como \u00f3rg\u00e3o de perfil final\u00edstico, est\u00e1 organizada da seguinte forma: &nbsp;Compete \u00e0 Secretaria Municipal de Turismo e Cultura: Compete ao Expediente: Compete ao Departamento de Turismo: [&hellip;]<\/p>\n","protected":false},"author":7,"featured_media":0,"parent":0,"menu_order":0,"comment_status":"closed","ping_status":"closed","template":"","meta":{"footnotes":""},"class_list":["post-6","page","type-page","status-publish","hentry"],"_links":{"self":[{"href":"https:\/\/cajamar.sp.gov.br\/turismo\/wp-json\/wp\/v2\/pages\/6","targetHints":{"allow":["GET"]}}],"collection":[{"href":"https:\/\/cajamar.sp.gov.br\/turismo\/wp-json\/wp\/v2\/pages"}],"about":[{"href":"https:\/\/cajamar.sp.gov.br\/turismo\/wp-json\/wp\/v2\/types\/page"}],"author":[{"embeddable":true,"href":"https:\/\/cajamar.sp.gov.br\/turismo\/wp-json\/wp\/v2\/users\/7"}],"replies":[{"embeddable":true,"href":"https:\/\/cajamar.sp.gov.br\/turismo\/wp-json\/wp\/v2\/comments?post=6"}],"version-history":[{"count":68,"href":"https:\/\/cajamar.sp.gov.br\/turismo\/wp-json\/wp\/v2\/pages\/6\/revisions"}],"predecessor-version":[{"id":870,"href":"https:\/\/cajamar.sp.gov.br\/turismo\/wp-json\/wp\/v2\/pages\/6\/revisions\/870"}],"wp:attachment":[{"href":"https:\/\/cajamar.sp.gov.br\/turismo\/wp-json\/wp\/v2\/media?parent=6"}],"curies":[{"name":"wp","href":"https:\/\/api.w.org\/{rel}","templated":true}]}}