{"id":604,"date":"2025-06-10T11:00:54","date_gmt":"2025-06-10T14:00:54","guid":{"rendered":"https:\/\/cajamar.sp.gov.br\/turismo\/?page_id=604"},"modified":"2026-04-08T10:06:19","modified_gmt":"2026-04-08T13:06:19","slug":"atas-da-reunioes","status":"publish","type":"page","link":"https:\/\/cajamar.sp.gov.br\/turismo\/atas-da-reunioes\/","title":{"rendered":"Atas das reuni\u00f5es"},"content":{"rendered":"\n<p><a href=\"https:\/\/cajamar.sp.gov.br\/turismo\/wp-content\/uploads\/sites\/32\/2026\/04\/ata-de-reuniao-ordinaria-03-02-2026.pdf\">Reuni\u00e3o ordin\u00e1ria 03\/02\/2026 <\/a><\/p>\n\n\n\n<p><a href=\"https:\/\/cajamar.sp.gov.br\/turismo\/wp-content\/uploads\/sites\/32\/2026\/02\/relatorio-anual-2025.pdf\">Relat\u00f3rio Anual 2025<\/a><\/p>\n\n\n\n<p><a href=\"https:\/\/cajamar.sp.gov.br\/turismo\/wp-content\/uploads\/sites\/32\/2026\/02\/ata-de-reuniao-ordinaria-04-11-25.pdf\">Reuni\u00e3o ordin\u00e1ria 04\/11\/2025<\/a><\/p>\n\n\n\n<p><a href=\"https:\/\/cajamar.sp.gov.br\/turismo\/wp-content\/uploads\/sites\/32\/2025\/12\/ata-de-reuniao-ordinaria-02-09-2025.pdf\">Reuni\u00e3o ordin\u00e1ria 02\/09\/2025<\/a><\/p>\n\n\n\n<p><a href=\"https:\/\/cajamar.sp.gov.br\/turismo\/wp-content\/uploads\/sites\/32\/2025\/12\/ata-de-reuniao-ordinaria-01-07-2025.pdf\">Reuni\u00e3o ordin\u00e1ria 01\/07\/2025<\/a><\/p>\n\n\n\n<p><a href=\"https:\/\/cajamar.sp.gov.br\/turismo\/wp-content\/uploads\/sites\/32\/2025\/12\/ata-de-reuniao-extraordinaria-15-05-25.pdf\">Reuni\u00e3o extraordin\u00e1ria 15\/05\/2025<\/a> <\/p>\n\n\n\n<p><a href=\"https:\/\/cajamar.sp.gov.br\/turismo\/wp-content\/uploads\/sites\/32\/2025\/06\/5-ata-de-reuniao-ordinaria-cmpc-06-05-25.pdf\">Reuni\u00e3o ordin\u00e1ria 06\/05\/2025<\/a><\/p>\n\n\n\n<p><a href=\"https:\/\/cajamar.sp.gov.br\/turismo\/wp-content\/uploads\/sites\/32\/2025\/06\/4-ata-de-reuniao-extraordinaria-cmpc-25-03-25.pdf\">Reuni\u00e3o extraordin\u00e1ria 25\/03\/2025<\/a><\/p>\n\n\n\n<p><a href=\"https:\/\/cajamar.sp.gov.br\/turismo\/wp-content\/uploads\/sites\/32\/2025\/06\/3-ata-de-reuniao-ordinaria-cmpc-17-03-25.pdf\">Reuni\u00e3o ordin\u00e1ria 17\/03\/2025<\/a><\/p>\n\n\n\n<p><a href=\"https:\/\/cajamar.sp.gov.br\/turismo\/wp-content\/uploads\/sites\/32\/2025\/06\/2-ata-da-reuniao-de-escolha-eleicao-25-02-2025.pdf\">Reuni\u00e3o de elei\u00e7\u00e3o 25\/02\/2025<\/a><\/p>\n\n\n\n<p><a href=\"https:\/\/cajamar.sp.gov.br\/turismo\/wp-content\/uploads\/sites\/32\/2025\/06\/1-ata-de-reuniao-extraordinaria-cmpc-14-01-2025.pdf\">Reuni\u00e3o extraordin\u00e1ria 14\/01\/2025<\/a><\/p>\n","protected":false},"excerpt":{"rendered":"<p>Reuni\u00e3o ordin\u00e1ria 03\/02\/2026 Relat\u00f3rio Anual 2025 Reuni\u00e3o ordin\u00e1ria 04\/11\/2025 Reuni\u00e3o ordin\u00e1ria 02\/09\/2025 Reuni\u00e3o ordin\u00e1ria 01\/07\/2025 Reuni\u00e3o extraordin\u00e1ria 15\/05\/2025 Reuni\u00e3o ordin\u00e1ria 06\/05\/2025 Reuni\u00e3o extraordin\u00e1ria 25\/03\/2025 Reuni\u00e3o ordin\u00e1ria 17\/03\/2025 Reuni\u00e3o de elei\u00e7\u00e3o 25\/02\/2025 Reuni\u00e3o extraordin\u00e1ria 14\/01\/2025<\/p>\n","protected":false},"author":43,"featured_media":0,"parent":0,"menu_order":0,"comment_status":"closed","ping_status":"closed","template":"","meta":{"footnotes":""},"class_list":["post-604","page","type-page","status-publish","hentry"],"_links":{"self":[{"href":"https:\/\/cajamar.sp.gov.br\/turismo\/wp-json\/wp\/v2\/pages\/604","targetHints":{"allow":["GET"]}}],"collection":[{"href":"https:\/\/cajamar.sp.gov.br\/turismo\/wp-json\/wp\/v2\/pages"}],"about":[{"href":"https:\/\/cajamar.sp.gov.br\/turismo\/wp-json\/wp\/v2\/types\/page"}],"author":[{"embeddable":true,"href":"https:\/\/cajamar.sp.gov.br\/turismo\/wp-json\/wp\/v2\/users\/43"}],"replies":[{"embeddable":true,"href":"https:\/\/cajamar.sp.gov.br\/turismo\/wp-json\/wp\/v2\/comments?post=604"}],"version-history":[{"count":6,"href":"https:\/\/cajamar.sp.gov.br\/turismo\/wp-json\/wp\/v2\/pages\/604\/revisions"}],"predecessor-version":[{"id":1177,"href":"https:\/\/cajamar.sp.gov.br\/turismo\/wp-json\/wp\/v2\/pages\/604\/revisions\/1177"}],"wp:attachment":[{"href":"https:\/\/cajamar.sp.gov.br\/turismo\/wp-json\/wp\/v2\/media?parent=604"}],"curies":[{"name":"wp","href":"https:\/\/api.w.org\/{rel}","templated":true}]}}