{"id":606,"date":"2025-06-10T11:00:54","date_gmt":"2025-06-10T14:00:54","guid":{"rendered":"https:\/\/cajamar.sp.gov.br\/turismo\/?page_id=606"},"modified":"2025-06-10T12:07:27","modified_gmt":"2025-06-10T15:07:27","slug":"sobre-o-cmpc","status":"publish","type":"page","link":"https:\/\/cajamar.sp.gov.br\/turismo\/sobre-o-cmpc\/","title":{"rendered":"Sobre o CMPC"},"content":{"rendered":"\n<p><strong>Presidente<\/strong>: Rafaella Gon\u00e7alves da Silva <br><strong>Vice-Presidente<\/strong>: : Josilene Cabral Pinto<\/p>\n\n\n\n<p>O Conselho Municipal de Pol\u00edtica Cultural de Cajamar \u2013 CMPC, criado pela Lei n\u00ba 1.887\/21 \u00e9 \u00f3rg\u00e3o colegiado de car\u00e1ter consultivo, fiscalizador e deliberativo.<\/p>\n\n\n\n<p>Conforme a composi\u00e7\u00e3o e disposi\u00e7\u00f5es estabelecidas pela Lei n\u00ba 1.887\/21, o CMPC  tem a finalidade de formular pol\u00edticas p\u00fablicas, promover a participa\u00e7\u00e3o aut\u00f4noma organizada de todos os segmentos da sociedade integrantes da a\u00e7\u00e3o cultural do Munic\u00edpio e implementar a\u00e7\u00f5es destinadas ao fortalecimento das atividades culturais na cidade de Cajamar.<\/p>\n\n\n\n<p>O Decreto 7.454 de 10 de mar\u00e7o de 2025, nomeou os membros titulares e suplentes que foram devidamente indicados por suas representatividades conforme a composi\u00e7\u00e3o do conselho estabelecida pela Lei n\u00ba 1.887\/21.<\/p>\n\n\n\n<p>O mandato do Conselho Municipal de Pol\u00edtica Cultural, ser\u00e1 de 02 (dois) anos, contados a partir da publica\u00e7\u00e3o do Decreto 7.454 de 10 de mar\u00e7o de 2025.<\/p>\n\n\n\n<p>A composi\u00e7\u00e3o do CMPC foi estabelecida pela Lei n\u00ba 1.887\/21 e s\u00f3 poder\u00e1 ser alterada por lei aprovada na c\u00e2mara municipal.<\/p>\n","protected":false},"excerpt":{"rendered":"<p>Presidente: Rafaella Gon\u00e7alves da Silva Vice-Presidente: : Josilene Cabral Pinto O Conselho Municipal de Pol\u00edtica Cultural de Cajamar \u2013 CMPC, criado pela Lei n\u00ba 1.887\/21 \u00e9 \u00f3rg\u00e3o colegiado de car\u00e1ter consultivo, fiscalizador e deliberativo. Conforme a composi\u00e7\u00e3o e disposi\u00e7\u00f5es estabelecidas pela Lei n\u00ba 1.887\/21, o CMPC tem a finalidade de formular pol\u00edticas p\u00fablicas, promover a [&hellip;]<\/p>\n","protected":false},"author":43,"featured_media":0,"parent":0,"menu_order":0,"comment_status":"closed","ping_status":"closed","template":"","meta":{"footnotes":""},"class_list":["post-606","page","type-page","status-publish","hentry"],"_links":{"self":[{"href":"https:\/\/cajamar.sp.gov.br\/turismo\/wp-json\/wp\/v2\/pages\/606","targetHints":{"allow":["GET"]}}],"collection":[{"href":"https:\/\/cajamar.sp.gov.br\/turismo\/wp-json\/wp\/v2\/pages"}],"about":[{"href":"https:\/\/cajamar.sp.gov.br\/turismo\/wp-json\/wp\/v2\/types\/page"}],"author":[{"embeddable":true,"href":"https:\/\/cajamar.sp.gov.br\/turismo\/wp-json\/wp\/v2\/users\/43"}],"replies":[{"embeddable":true,"href":"https:\/\/cajamar.sp.gov.br\/turismo\/wp-json\/wp\/v2\/comments?post=606"}],"version-history":[{"count":4,"href":"https:\/\/cajamar.sp.gov.br\/turismo\/wp-json\/wp\/v2\/pages\/606\/revisions"}],"predecessor-version":[{"id":633,"href":"https:\/\/cajamar.sp.gov.br\/turismo\/wp-json\/wp\/v2\/pages\/606\/revisions\/633"}],"wp:attachment":[{"href":"https:\/\/cajamar.sp.gov.br\/turismo\/wp-json\/wp\/v2\/media?parent=606"}],"curies":[{"name":"wp","href":"https:\/\/api.w.org\/{rel}","templated":true}]}}