{"id":678,"date":"2025-06-17T15:37:28","date_gmt":"2025-06-17T18:37:28","guid":{"rendered":"https:\/\/cajamar.sp.gov.br\/turismo\/?page_id=678"},"modified":"2025-09-22T10:27:59","modified_gmt":"2025-09-22T13:27:59","slug":"cadastro-cultural","status":"publish","type":"page","link":"https:\/\/cajamar.sp.gov.br\/turismo\/cadastro-cultural\/","title":{"rendered":"Cadastro Cultural"},"content":{"rendered":"\n<p><strong>Instru\u00e7\u00f5es para o Cadastro Cultural<\/strong><\/p>\n\n\n\n<p>A finalidade do cadastro cultural \u00e9 mapear a diversidade dos setores cultural e de economia criativa da nossa cidade. A partir das informa\u00e7\u00f5es, podemos implementar pol\u00edticas p\u00fablicas de maneira mais assertiva e tamb\u00e9m aferir os indicadores culturais.<\/p>\n\n\n\n<p>Antes de iniciar o preenchimento do formul\u00e1rio organize seus dados pessoais, curr\u00edculo art\u00edstico, breve hist\u00f3rico de atua\u00e7\u00e3o e materiais comprobat\u00f3rios. Separe tamb\u00e9m links, fotos, portf\u00f3lio, etc. E aten\u00e7\u00e3o: o material comprobat\u00f3rio selecionado para upload deve apresentar informa\u00e7\u00f5es completas: data ou ano, assunto, local, assim como fotos com legendas.<\/p>\n\n\n\n<p>A Secretaria de Turismo e Cultura coloca-se \u00e0 disposi\u00e7\u00e3o para tirar d\u00favidas atrav\u00e9s do e-mail <a href=\"mailto:dir.cultura@cajamar.sp.gov.br\">dir.cultura@cajamar.sp.gov.br<\/a> ou pelo telefone <strong>(11) 4446-0083<\/strong>.<\/p>\n\n\n\n<ul class=\"wp-block-list\">\n<li><a href=\"https:\/\/appform.cajamar.sp.gov.br\/cadastro-cultural\/public\/individual\/\" data-type=\"link\" data-id=\"https:\/\/appform.cajamar.sp.gov.br\/cadastro-cultural\/public\/individual\/\">Cadastro Individual<\/a><\/li>\n\n\n\n<li><a href=\"https:\/\/appform.cajamar.sp.gov.br\/cadastro-cultural\/public\/group\/\" data-type=\"link\" data-id=\"https:\/\/appform.cajamar.sp.gov.br\/cadastro-cultural\/public\/group\/\">Grupo\/Coletivo\/Entidade\/Outros<\/a><\/li>\n\n\n\n<li><a href=\"https:\/\/appform.cajamar.sp.gov.br\/cadastro-cultural\/public\/space\" data-type=\"link\" data-id=\"https:\/\/appform.cajamar.sp.gov.br\/cadastro-cultural\/public\/space\">Espa\u00e7o Art\u00edstico e Cultural<\/a><\/li>\n\n\n\n<li><a href=\"https:\/\/appform.cajamar.sp.gov.br\/cadastro-cultural\/public\/actions\" data-type=\"link\" data-id=\"https:\/\/appform.cajamar.sp.gov.br\/cadastro-cultural\/public\/actions\">A\u00e7\u00f5es Transversais<\/a><br><\/li>\n<\/ul>\n\n\n\n<p><\/p>\n","protected":false},"excerpt":{"rendered":"<p>Instru\u00e7\u00f5es para o Cadastro Cultural A finalidade do cadastro cultural \u00e9 mapear a diversidade dos setores cultural e de economia criativa da nossa cidade. A partir das informa\u00e7\u00f5es, podemos implementar pol\u00edticas p\u00fablicas de maneira mais assertiva e tamb\u00e9m aferir os indicadores culturais. Antes de iniciar o preenchimento do formul\u00e1rio organize seus dados pessoais, curr\u00edculo art\u00edstico, [&hellip;]<\/p>\n","protected":false},"author":23,"featured_media":0,"parent":0,"menu_order":0,"comment_status":"closed","ping_status":"closed","template":"","meta":{"footnotes":""},"class_list":["post-678","page","type-page","status-publish","hentry"],"_links":{"self":[{"href":"https:\/\/cajamar.sp.gov.br\/turismo\/wp-json\/wp\/v2\/pages\/678","targetHints":{"allow":["GET"]}}],"collection":[{"href":"https:\/\/cajamar.sp.gov.br\/turismo\/wp-json\/wp\/v2\/pages"}],"about":[{"href":"https:\/\/cajamar.sp.gov.br\/turismo\/wp-json\/wp\/v2\/types\/page"}],"author":[{"embeddable":true,"href":"https:\/\/cajamar.sp.gov.br\/turismo\/wp-json\/wp\/v2\/users\/23"}],"replies":[{"embeddable":true,"href":"https:\/\/cajamar.sp.gov.br\/turismo\/wp-json\/wp\/v2\/comments?post=678"}],"version-history":[{"count":3,"href":"https:\/\/cajamar.sp.gov.br\/turismo\/wp-json\/wp\/v2\/pages\/678\/revisions"}],"predecessor-version":[{"id":878,"href":"https:\/\/cajamar.sp.gov.br\/turismo\/wp-json\/wp\/v2\/pages\/678\/revisions\/878"}],"wp:attachment":[{"href":"https:\/\/cajamar.sp.gov.br\/turismo\/wp-json\/wp\/v2\/media?parent=678"}],"curies":[{"name":"wp","href":"https:\/\/api.w.org\/{rel}","templated":true}]}}