{"id":684,"date":"2025-06-17T15:39:10","date_gmt":"2025-06-17T18:39:10","guid":{"rendered":"https:\/\/cajamar.sp.gov.br\/turismo\/?page_id=684"},"modified":"2026-04-16T15:27:51","modified_gmt":"2026-04-16T18:27:51","slug":"oficinas-culturais","status":"publish","type":"page","link":"https:\/\/cajamar.sp.gov.br\/turismo\/oficinas-culturais\/","title":{"rendered":"Oficinas Culturais"},"content":{"rendered":"\n<p>As oficinas s\u00e3o realizadas em diferentes espa\u00e7os do munic\u00edpio e t\u00eam como objetivo incentivar o acesso \u00e0 cultura, estimular a criatividade e promover a integra\u00e7\u00e3o da comunidade por meio da arte.<\/p>\n\n\n\n<p>Confira as modalidades dispon\u00edveis em cada local:<\/p>\n\n\n\n<p><strong><a href=\"https:\/\/cajamar.sp.gov.br\/turismo\/wp-content\/uploads\/sites\/32\/2026\/03\/centro-cultural-polvilho.pdf\">Centro Cultural do Polvilho<\/a><\/strong><br>Capoeira, Desenho, Conta\u00e7\u00e3o de Hist\u00f3rias, Fotografia e Bal\u00e9.<\/p>\n\n\n\n<p><strong><a href=\"https:\/\/cajamar.sp.gov.br\/turismo\/wp-content\/uploads\/sites\/32\/2026\/04\/16-04-2026-centro-cultural-jordanesia.pdf\">Centro Cultural de Jordan\u00e9sia<\/a><\/strong><br>Canto e Coral, Capoeira, Fotografia, Teatro, Violino e Bal\u00e9.<\/p>\n\n\n\n<p><strong><a href=\"https:\/\/cajamar.sp.gov.br\/turismo\/wp-content\/uploads\/sites\/32\/2026\/03\/praca-pec.pdf\">Pra\u00e7a de Esportes e Cultura \u2013 PEC<\/a><\/strong><br>Teatro, Capoeira e Ballet.<\/p>\n\n\n\n<p><strong><a href=\"https:\/\/cajamar.sp.gov.br\/turismo\/wp-content\/uploads\/sites\/32\/2026\/03\/centro-cultural-ponunduva.pdf\">Centro Cultural do Ponunduva<\/a><\/strong><br>Capoeira, Teatro, Violino e Viol\u00e3o.<\/p>\n\n\n\n<p><strong><a href=\"https:\/\/cajamar.sp.gov.br\/turismo\/wp-content\/uploads\/sites\/32\/2026\/03\/centro-comunitario-maria-luiza.pdf\">Centro Comunit\u00e1rio Maria Luiza<\/a><\/strong><br>Viol\u00e3o e Violino.<\/p>\n\n\n\n<p><strong><a href=\"https:\/\/cajamar.sp.gov.br\/turismo\/wp-content\/uploads\/sites\/32\/2026\/03\/biblioteca-de-jordanesia.pdf\">Biblioteca de Jordan\u00e9sia<\/a><\/strong><br>Conta\u00e7\u00e3o de Hist\u00f3rias.<\/p>\n\n\n\n<p><\/p>\n\n\n\n<p><\/p>\n","protected":false},"excerpt":{"rendered":"<p>As oficinas s\u00e3o realizadas em diferentes espa\u00e7os do munic\u00edpio e t\u00eam como objetivo incentivar o acesso \u00e0 cultura, estimular a criatividade e promover a integra\u00e7\u00e3o da comunidade por meio da arte. Confira as modalidades dispon\u00edveis em cada local: Centro Cultural do PolvilhoCapoeira, Desenho, Conta\u00e7\u00e3o de Hist\u00f3rias, Fotografia e Bal\u00e9. Centro Cultural de Jordan\u00e9siaCanto e Coral, [&hellip;]<\/p>\n","protected":false},"author":23,"featured_media":0,"parent":0,"menu_order":0,"comment_status":"closed","ping_status":"closed","template":"","meta":{"footnotes":""},"class_list":["post-684","page","type-page","status-publish","hentry"],"_links":{"self":[{"href":"https:\/\/cajamar.sp.gov.br\/turismo\/wp-json\/wp\/v2\/pages\/684","targetHints":{"allow":["GET"]}}],"collection":[{"href":"https:\/\/cajamar.sp.gov.br\/turismo\/wp-json\/wp\/v2\/pages"}],"about":[{"href":"https:\/\/cajamar.sp.gov.br\/turismo\/wp-json\/wp\/v2\/types\/page"}],"author":[{"embeddable":true,"href":"https:\/\/cajamar.sp.gov.br\/turismo\/wp-json\/wp\/v2\/users\/23"}],"replies":[{"embeddable":true,"href":"https:\/\/cajamar.sp.gov.br\/turismo\/wp-json\/wp\/v2\/comments?post=684"}],"version-history":[{"count":11,"href":"https:\/\/cajamar.sp.gov.br\/turismo\/wp-json\/wp\/v2\/pages\/684\/revisions"}],"predecessor-version":[{"id":1184,"href":"https:\/\/cajamar.sp.gov.br\/turismo\/wp-json\/wp\/v2\/pages\/684\/revisions\/1184"}],"wp:attachment":[{"href":"https:\/\/cajamar.sp.gov.br\/turismo\/wp-json\/wp\/v2\/media?parent=684"}],"curies":[{"name":"wp","href":"https:\/\/api.w.org\/{rel}","templated":true}]}}