{"id":689,"date":"2025-06-17T15:40:24","date_gmt":"2025-06-17T18:40:24","guid":{"rendered":"https:\/\/cajamar.sp.gov.br\/turismo\/?page_id=689"},"modified":"2026-03-23T10:33:48","modified_gmt":"2026-03-23T13:33:48","slug":"pnab-2025","status":"publish","type":"page","link":"https:\/\/cajamar.sp.gov.br\/turismo\/pnab-2025\/","title":{"rendered":"Pol\u00edtica\u00a0Nacional\u00a0Aldir\u00a0Blanc"},"content":{"rendered":"\n<figure class=\"wp-block-image size-large\"><img fetchpriority=\"high\" decoding=\"async\" width=\"1280\" height=\"735\" src=\"https:\/\/cajamar.sp.gov.br\/turismo\/wp-content\/uploads\/sites\/32\/2025\/06\/imagem-pnab-1280x735.jpg\" alt=\"\" class=\"wp-image-806\" srcset=\"https:\/\/cajamar.sp.gov.br\/turismo\/wp-content\/uploads\/sites\/32\/2025\/06\/imagem-pnab-1280x735.jpg 1280w, https:\/\/cajamar.sp.gov.br\/turismo\/wp-content\/uploads\/sites\/32\/2025\/06\/imagem-pnab-768x441.jpg 768w, https:\/\/cajamar.sp.gov.br\/turismo\/wp-content\/uploads\/sites\/32\/2025\/06\/imagem-pnab.jpg 1338w\" sizes=\"(max-width: 1280px) 100vw, 1280px\" \/><\/figure>\n\n\n\n<p>A Pol\u00edtica Nacional Aldir Blanc de Fomento \u00e0 Cultura, institu\u00edda pela Lei n\u00ba 14.399, de 08 de julho de 2022, tem como objetivo fomentar a cultura em todos os estados, munic\u00edpios e Distrito Federal.<\/p>\n\n\n\n<p>A Aldir Blanc \u00e9 uma oportunidade hist\u00f3rica de estruturar o sistema federativo de financiamento \u00e0 cultura, mediante repasses da Uni\u00e3o aos demais entes federativos de forma continuada.<\/p>\n\n\n\n<p>Os recursos da Pol\u00edtica Nacional Aldir Blanc podem ser direcionados a editais de fomento, ou realiza\u00e7\u00e3o de a\u00e7\u00f5es diretas pelos entes federativos, como festejos e festas populares, aquisi\u00e7\u00e3o de bens culturais, constru\u00e7\u00e3o e manuten\u00e7\u00e3o de espa\u00e7os culturais, entre outras possibilidades de a\u00e7\u00f5es e atividades destinadas a fomentar a cultura local.<\/p>\n\n\n\n<p>A mobiliza\u00e7\u00e3o social \u00e9 a etapa de escuta ativa dos artistas e fazedores de cultura. Para ouvir a popula\u00e7\u00e3o cajamarense foram realizadas escutas p\u00fablicas, consulta p\u00fablica online e a audi\u00eancia p\u00fablica para guiar a elabora\u00e7\u00e3o do Plano Anual de Aplica\u00e7\u00e3o de Recursos.<\/p>\n\n\n\n<p>Confira&nbsp;as&nbsp;atas&nbsp;de&nbsp;cada&nbsp;etapa:<\/p>\n\n\n\n<p>\ud83d\udccc <a href=\"https:\/\/cajamar.sp.gov.br\/turismo\/wp-content\/uploads\/sites\/32\/2025\/07\/ata-da-primeira-escuta-publica-da-politica-nacional-aldir-blanc-cajamar-09-06-2025-1.pdf\">1\u00ba Escuta P\u00fablica 09\/06\/2025<\/a><\/p>\n\n\n\n<p>\ud83d\udccc <a href=\"https:\/\/cajamar.sp.gov.br\/turismo\/wp-content\/uploads\/sites\/32\/2025\/07\/ata-da-segunda-escuta-publica-da-politica-nacional-aldir-blanc-cajamar-11-06-2025.pdf\">2\u00ba Escuta P\u00fablica 11\/06\/2025<\/a><\/p>\n\n\n\n<p><a href=\"https:\/\/cajamar.sp.gov.br\/turismo\/wp-content\/uploads\/sites\/32\/2025\/07\/ata-3a-escuta-publica-da-politica-nacional-aldir-blanc-16-06-2025.pdf\">\ud83d\udccc<\/a> <a href=\"https:\/\/cajamar.sp.gov.br\/turismo\/wp-content\/uploads\/sites\/32\/2025\/07\/ata-3a-escuta-publica-da-politica-nacional-aldir-blanc-16-06-2025.pdf\">3\u00ba Escuta P\u00fablica 16\/06\/2025<\/a><\/p>\n\n\n\n<p><a href=\"https:\/\/cajamar.sp.gov.br\/turismo\/wp-content\/uploads\/sites\/32\/2025\/07\/ata-3a-escuta-publica-da-politica-nacional-aldir-blanc-16-06-2025.pdf\">\ud83d\udccc<\/a><a href=\"https:\/\/cajamar.sp.gov.br\/turismo\/wp-content\/uploads\/sites\/32\/2025\/07\/ata-audiencia-publica-da-politica-nacional-aldir-blanc-30-06-2025.pdf\">Audi\u00eancia P\u00fablica 30\/06\/2025<\/a><\/p>\n\n\n\n<p><\/p>\n","protected":false},"excerpt":{"rendered":"<p>A Pol\u00edtica Nacional Aldir Blanc de Fomento \u00e0 Cultura, institu\u00edda pela Lei n\u00ba 14.399, de 08 de julho de 2022, tem como objetivo fomentar a cultura em todos os estados, munic\u00edpios e Distrito Federal. A Aldir Blanc \u00e9 uma oportunidade hist\u00f3rica de estruturar o sistema federativo de financiamento \u00e0 cultura, mediante repasses da Uni\u00e3o aos [&hellip;]<\/p>\n","protected":false},"author":23,"featured_media":0,"parent":0,"menu_order":0,"comment_status":"closed","ping_status":"closed","template":"","meta":{"footnotes":""},"class_list":["post-689","page","type-page","status-publish","hentry"],"_links":{"self":[{"href":"https:\/\/cajamar.sp.gov.br\/turismo\/wp-json\/wp\/v2\/pages\/689","targetHints":{"allow":["GET"]}}],"collection":[{"href":"https:\/\/cajamar.sp.gov.br\/turismo\/wp-json\/wp\/v2\/pages"}],"about":[{"href":"https:\/\/cajamar.sp.gov.br\/turismo\/wp-json\/wp\/v2\/types\/page"}],"author":[{"embeddable":true,"href":"https:\/\/cajamar.sp.gov.br\/turismo\/wp-json\/wp\/v2\/users\/23"}],"replies":[{"embeddable":true,"href":"https:\/\/cajamar.sp.gov.br\/turismo\/wp-json\/wp\/v2\/comments?post=689"}],"version-history":[{"count":7,"href":"https:\/\/cajamar.sp.gov.br\/turismo\/wp-json\/wp\/v2\/pages\/689\/revisions"}],"predecessor-version":[{"id":1049,"href":"https:\/\/cajamar.sp.gov.br\/turismo\/wp-json\/wp\/v2\/pages\/689\/revisions\/1049"}],"wp:attachment":[{"href":"https:\/\/cajamar.sp.gov.br\/turismo\/wp-json\/wp\/v2\/media?parent=689"}],"curies":[{"name":"wp","href":"https:\/\/api.w.org\/{rel}","templated":true}]}}