{"id":745,"date":"2025-06-17T17:06:34","date_gmt":"2025-06-17T20:06:34","guid":{"rendered":"https:\/\/cajamar.sp.gov.br\/turismo\/?page_id=745"},"modified":"2025-06-17T17:20:29","modified_gmt":"2025-06-17T20:20:29","slug":"capoeira","status":"publish","type":"page","link":"https:\/\/cajamar.sp.gov.br\/turismo\/capoeira\/","title":{"rendered":"Capoeira"},"content":{"rendered":"\n<figure class=\"wp-block-image size-large\"><img fetchpriority=\"high\" decoding=\"async\" width=\"1280\" height=\"853\" src=\"https:\/\/cajamar.sp.gov.br\/turismo\/wp-content\/uploads\/sites\/32\/2025\/06\/pexels-matheusnatan-3340318-1280x853.jpg\" alt=\"\" class=\"wp-image-746\" style=\"aspect-ratio:16\/9;object-fit:cover\" srcset=\"https:\/\/cajamar.sp.gov.br\/turismo\/wp-content\/uploads\/sites\/32\/2025\/06\/pexels-matheusnatan-3340318-1280x853.jpg 1280w, https:\/\/cajamar.sp.gov.br\/turismo\/wp-content\/uploads\/sites\/32\/2025\/06\/pexels-matheusnatan-3340318-768x512.jpg 768w, https:\/\/cajamar.sp.gov.br\/turismo\/wp-content\/uploads\/sites\/32\/2025\/06\/pexels-matheusnatan-3340318-1536x1024.jpg 1536w, https:\/\/cajamar.sp.gov.br\/turismo\/wp-content\/uploads\/sites\/32\/2025\/06\/pexels-matheusnatan-3340318.jpg 2048w\" sizes=\"(max-width: 1280px) 100vw, 1280px\" \/><\/figure>\n\n\n\n<h3 class=\"wp-block-heading\">Localidades:<\/h3>\n\n\n\n<p><strong>\u25aa\ufe0f N\u00facleo do Idoso de Cajamar (NIC)<\/strong><br>\ud83d\udd39 Modalidade: Capoeira<br>\ud83d\udccd Av. Tenente Marques, 3419 \u2013 Jardim Adelaide<\/p>\n\n\n\n<p><strong>\ud83d\udcd1&nbsp;DOCUMENTOS NECESS\u00c1RIOS PARA INSCRI\u00c7\u00c3O:<\/strong><br>\u25aa\ufe0f C\u00f3pia do RG<br>\u25aa\ufe0f C\u00f3pia do comprovante de resid\u00eancia atualizado<br>\u25aa\ufe0f 1 (uma) foto 3\u00d74<\/p>\n\n\n\n<p>Atendimento de segunda a sexta, das 9h \u00e0s 16h30<\/p>\n\n\n\n<div class=\"wp-block-buttons is-content-justification-center is-layout-flex wp-container-core-buttons-is-layout-16018d1d wp-block-buttons-is-layout-flex\">\n<div class=\"wp-block-button is-style-fill\"><a class=\"wp-block-button__link has-white-color has-text-color has-background has-link-color wp-element-button\" href=\"https:\/\/docs.google.com\/forms\/d\/e\/1FAIpQLSfZOMxWM-GeqSFPMQxqd68bMOXhV8jcc9Z5om-wIAgyyPur1A\/viewform\" style=\"border-radius:5px;background-color:#289cdb\">INSCRI\u00c7\u00c3O ONLINE<\/a><\/div>\n<\/div>\n","protected":false},"excerpt":{"rendered":"<p>Localidades: \u25aa\ufe0f N\u00facleo do Idoso de Cajamar (NIC)\ud83d\udd39 Modalidade: Capoeira\ud83d\udccd Av. Tenente Marques, 3419 \u2013 Jardim Adelaide \ud83d\udcd1&nbsp;DOCUMENTOS NECESS\u00c1RIOS PARA INSCRI\u00c7\u00c3O:\u25aa\ufe0f C\u00f3pia do RG\u25aa\ufe0f C\u00f3pia do comprovante de resid\u00eancia atualizado\u25aa\ufe0f 1 (uma) foto 3\u00d74 Atendimento de segunda a sexta, das 9h \u00e0s 16h30<\/p>\n","protected":false},"author":40,"featured_media":0,"parent":0,"menu_order":0,"comment_status":"closed","ping_status":"closed","template":"","meta":{"footnotes":""},"class_list":["post-745","page","type-page","status-publish","hentry"],"_links":{"self":[{"href":"https:\/\/cajamar.sp.gov.br\/turismo\/wp-json\/wp\/v2\/pages\/745","targetHints":{"allow":["GET"]}}],"collection":[{"href":"https:\/\/cajamar.sp.gov.br\/turismo\/wp-json\/wp\/v2\/pages"}],"about":[{"href":"https:\/\/cajamar.sp.gov.br\/turismo\/wp-json\/wp\/v2\/types\/page"}],"author":[{"embeddable":true,"href":"https:\/\/cajamar.sp.gov.br\/turismo\/wp-json\/wp\/v2\/users\/40"}],"replies":[{"embeddable":true,"href":"https:\/\/cajamar.sp.gov.br\/turismo\/wp-json\/wp\/v2\/comments?post=745"}],"version-history":[{"count":6,"href":"https:\/\/cajamar.sp.gov.br\/turismo\/wp-json\/wp\/v2\/pages\/745\/revisions"}],"predecessor-version":[{"id":784,"href":"https:\/\/cajamar.sp.gov.br\/turismo\/wp-json\/wp\/v2\/pages\/745\/revisions\/784"}],"wp:attachment":[{"href":"https:\/\/cajamar.sp.gov.br\/turismo\/wp-json\/wp\/v2\/media?parent=745"}],"curies":[{"name":"wp","href":"https:\/\/api.w.org\/{rel}","templated":true}]}}