{"id":751,"date":"2025-06-17T17:10:43","date_gmt":"2025-06-17T20:10:43","guid":{"rendered":"https:\/\/cajamar.sp.gov.br\/turismo\/?page_id=751"},"modified":"2025-06-17T17:20:19","modified_gmt":"2025-06-17T20:20:19","slug":"contacao-de-historia","status":"publish","type":"page","link":"https:\/\/cajamar.sp.gov.br\/turismo\/contacao-de-historia\/","title":{"rendered":"Conta\u00e7\u00e3o de Hist\u00f3ria"},"content":{"rendered":"\n<figure class=\"wp-block-image size-large\"><img fetchpriority=\"high\" decoding=\"async\" width=\"1280\" height=\"759\" src=\"https:\/\/cajamar.sp.gov.br\/turismo\/wp-content\/uploads\/sites\/32\/2025\/06\/pexels-pixabay-415071-1280x759.jpg\" alt=\"\" class=\"wp-image-759\" style=\"aspect-ratio:16\/9;object-fit:cover\" srcset=\"https:\/\/cajamar.sp.gov.br\/turismo\/wp-content\/uploads\/sites\/32\/2025\/06\/pexels-pixabay-415071-1280x759.jpg 1280w, https:\/\/cajamar.sp.gov.br\/turismo\/wp-content\/uploads\/sites\/32\/2025\/06\/pexels-pixabay-415071-768x455.jpg 768w, https:\/\/cajamar.sp.gov.br\/turismo\/wp-content\/uploads\/sites\/32\/2025\/06\/pexels-pixabay-415071-1536x911.jpg 1536w, https:\/\/cajamar.sp.gov.br\/turismo\/wp-content\/uploads\/sites\/32\/2025\/06\/pexels-pixabay-415071.jpg 2048w\" sizes=\"(max-width: 1280px) 100vw, 1280px\" \/><\/figure>\n\n\n\n<h3 class=\"wp-block-heading\">Localidades:<\/h3>\n\n\n\n<p>\u25aa\ufe0f&nbsp;<strong>Centro Cultural do Polvilho<\/strong><br>\ud83d\udd39 Modalidades: Conta\u00e7\u00e3o de Hist\u00f3ria e Violino<br>\ud83d\udccd Rua Jean Anastace Kovelis, 1835 \u2013 Portal dos Ip\u00eas<br>\ud83d\udcde (11) 4446-0083<\/p>\n\n\n\n<p><strong>\u25aa\ufe0f Centro Cultural de Jordan\u00e9sia<\/strong><br>\ud83d\udd39 Modalidades: Conta\u00e7\u00e3o de Hist\u00f3ria, Dan\u00e7a do Ventre e Violino<br>\ud83d\udccd Avenida Arnaldo Rojek, 295 \u2013 Jordan\u00e9sia<br>\ud83d\udcde (11) 4446-0137<\/p>\n\n\n\n<p><strong>\ud83d\udcd1&nbsp;DOCUMENTOS NECESS\u00c1RIOS PARA INSCRI\u00c7\u00c3O PRESENCIAL:<\/strong><br>\u25aa\ufe0f C\u00f3pia do RG<br>\u25aa\ufe0f C\u00f3pia do comprovante de resid\u00eancia atualizado<br>\u25aa\ufe0f 1 (uma) foto 3\u00d74<\/p>\n\n\n\n<p>Atendimento de segunda a sexta, das 9h \u00e0s 16h30<\/p>\n\n\n\n<div class=\"wp-block-buttons is-content-justification-center is-layout-flex wp-container-core-buttons-is-layout-16018d1d wp-block-buttons-is-layout-flex\">\n<div class=\"wp-block-button is-style-fill\"><a class=\"wp-block-button__link has-white-color has-text-color has-background has-link-color wp-element-button\" href=\"https:\/\/docs.google.com\/forms\/d\/e\/1FAIpQLSfZOMxWM-GeqSFPMQxqd68bMOXhV8jcc9Z5om-wIAgyyPur1A\/viewform\" style=\"border-radius:5px;background-color:#289cdb\">INSCRI\u00c7\u00c3O ONLINE<\/a><\/div>\n<\/div>\n","protected":false},"excerpt":{"rendered":"<p>Localidades: \u25aa\ufe0f&nbsp;Centro Cultural do Polvilho\ud83d\udd39 Modalidades: Conta\u00e7\u00e3o de Hist\u00f3ria e Violino\ud83d\udccd Rua Jean Anastace Kovelis, 1835 \u2013 Portal dos Ip\u00eas\ud83d\udcde (11) 4446-0083 \u25aa\ufe0f Centro Cultural de Jordan\u00e9sia\ud83d\udd39 Modalidades: Conta\u00e7\u00e3o de Hist\u00f3ria, Dan\u00e7a do Ventre e Violino\ud83d\udccd Avenida Arnaldo Rojek, 295 \u2013 Jordan\u00e9sia\ud83d\udcde (11) 4446-0137 \ud83d\udcd1&nbsp;DOCUMENTOS NECESS\u00c1RIOS PARA INSCRI\u00c7\u00c3O PRESENCIAL:\u25aa\ufe0f C\u00f3pia do RG\u25aa\ufe0f C\u00f3pia do comprovante [&hellip;]<\/p>\n","protected":false},"author":40,"featured_media":0,"parent":0,"menu_order":0,"comment_status":"closed","ping_status":"closed","template":"","meta":{"footnotes":""},"class_list":["post-751","page","type-page","status-publish","hentry"],"_links":{"self":[{"href":"https:\/\/cajamar.sp.gov.br\/turismo\/wp-json\/wp\/v2\/pages\/751","targetHints":{"allow":["GET"]}}],"collection":[{"href":"https:\/\/cajamar.sp.gov.br\/turismo\/wp-json\/wp\/v2\/pages"}],"about":[{"href":"https:\/\/cajamar.sp.gov.br\/turismo\/wp-json\/wp\/v2\/types\/page"}],"author":[{"embeddable":true,"href":"https:\/\/cajamar.sp.gov.br\/turismo\/wp-json\/wp\/v2\/users\/40"}],"replies":[{"embeddable":true,"href":"https:\/\/cajamar.sp.gov.br\/turismo\/wp-json\/wp\/v2\/comments?post=751"}],"version-history":[{"count":7,"href":"https:\/\/cajamar.sp.gov.br\/turismo\/wp-json\/wp\/v2\/pages\/751\/revisions"}],"predecessor-version":[{"id":794,"href":"https:\/\/cajamar.sp.gov.br\/turismo\/wp-json\/wp\/v2\/pages\/751\/revisions\/794"}],"wp:attachment":[{"href":"https:\/\/cajamar.sp.gov.br\/turismo\/wp-json\/wp\/v2\/media?parent=751"}],"curies":[{"name":"wp","href":"https:\/\/api.w.org\/{rel}","templated":true}]}}