{"id":850,"date":"2025-09-11T08:49:43","date_gmt":"2025-09-11T11:49:43","guid":{"rendered":"https:\/\/cajamar.sp.gov.br\/turismo\/?page_id=850"},"modified":"2025-12-18T10:12:33","modified_gmt":"2025-12-18T13:12:33","slug":"concurso-literario","status":"publish","type":"page","link":"https:\/\/cajamar.sp.gov.br\/turismo\/concurso-literario\/","title":{"rendered":"Concurso Liter\u00e1rio"},"content":{"rendered":"\n<p>Criado com o prop\u00f3sito de incentivar, divulgar e reconhecer a cria\u00e7\u00e3o liter\u00e1ria de autores cajamarenses, o concurso busca ampliar o uso das bibliotecas municipais como ambientes de est\u00edmulo \u00e0 cultura. <\/p>\n\n\n\n<p><strong>Conhe\u00e7a os vencedores da 9\u00aa edi\u00e7\u00e3o do Concurso Liter\u00e1rio de Cajamar:<\/strong><\/p>\n\n\n\n<p><strong>CATEGORIA INFANTIL<\/strong><\/p>\n\n\n\n<p><strong>Subcategoria 02 (10-11 anos)<\/strong><\/p>\n\n\n\n<p>1\u00ba <a href=\"https:\/\/cajamar.sp.gov.br\/turismo\/wp-content\/uploads\/sites\/32\/2025\/12\/heitor-oliveira-santos-ceu-de-jacas-1o-lugar-infantil-sub-2.pdf\">\u201cC\u00e9u de jacas\u201d<\/a> \u2013 Heitor Oliveira Santos<\/p>\n\n\n\n<p><strong>Subcategoria 03 (12-13 anos)<\/strong><\/p>\n\n\n\n<p>1\u00ba <a href=\"https:\/\/cajamar.sp.gov.br\/turismo\/wp-content\/uploads\/sites\/32\/2025\/12\/higor-da-silva-moraga-minecraft-1o-lugar-infantil-sub-3.pdf\">\u201cMinecraft\u201d<\/a> \u2013 Higor da Silva Moraga<\/p>\n\n\n\n<p><strong>CATEGORIA JUVENIL\/ADULTO<\/strong><\/p>\n\n\n\n<p><strong>CONTO<\/strong><\/p>\n\n\n\n<ul class=\"wp-block-list\">\n<li>3\u00ba <a href=\"https:\/\/cajamar.sp.gov.br\/turismo\/wp-content\/uploads\/sites\/32\/2025\/12\/3o-lugar-conto-thiago-de-oliveira-santinho-sono-premiado.pdf\">\u201cSono premiado\u201d<\/a> \u2013 Thiago de Oliveira Santinho<\/li>\n\n\n\n<li>2\u00ba <a href=\"https:\/\/cajamar.sp.gov.br\/turismo\/wp-content\/uploads\/sites\/32\/2025\/12\/2o-lugar-conto-natalia-cardoso-maia-e-almeida-paixao-passageira.pdf\">\u201cPaix\u00e3o passageira\u201d<\/a> \u2013 Nat\u00e1lia Cardoso Maia e Almeida<\/li>\n\n\n\n<li><strong>1\u00ba <a href=\"https:\/\/cajamar.sp.gov.br\/turismo\/wp-content\/uploads\/sites\/32\/2025\/12\/1o-lugar-conto-cesar-luis-theis-reminiscencias.pdf\">\u201cReminisc\u00eancias\u201d<\/a> \u2013 C\u00e9sar Luis Theis<\/strong><\/li>\n<\/ul>\n\n\n\n<p><strong>CR\u00d4NICA<\/strong><\/p>\n\n\n\n<ul class=\"wp-block-list\">\n<li>3\u00ba <a href=\"https:\/\/cajamar.sp.gov.br\/turismo\/wp-content\/uploads\/sites\/32\/2025\/12\/3o-lugar-cronica-ana-luiza-maggi-ferreira-o-casamento-que-nunca-existiu.pdf\">\u201cO casamento que nunca existiu\u201d<\/a> \u2013 Ana Luiza Maggi Ferreira<\/li>\n\n\n\n<li>2\u00ba <a href=\"https:\/\/cajamar.sp.gov.br\/turismo\/wp-content\/uploads\/sites\/32\/2025\/12\/2o-lugar-cronica-thiago-de-oliveira-santinho-o-caminho-circinal.pdf\">\u201cO caminho circinal\u201d<\/a> \u2013 Thiago de Oliveira Santinho<\/li>\n\n\n\n<li><strong>1\u00ba <a href=\"https:\/\/cajamar.sp.gov.br\/turismo\/wp-content\/uploads\/sites\/32\/2025\/12\/1o-lugar-cronica-daiane-do-nascimento-santos-essa-tal-liberdade.pdf\">\u201cEssa tal liberdade\u201d<\/a> \u2013 Daiane do Nascimento Santos<\/strong><\/li>\n<\/ul>\n\n\n\n<p><strong>POEMA<\/strong><\/p>\n\n\n\n<ul class=\"wp-block-list\">\n<li>3\u00ba <a href=\"https:\/\/cajamar.sp.gov.br\/turismo\/wp-content\/uploads\/sites\/32\/2025\/12\/3o-lugar-poema-cesar-luis-theis-humanidade.pdf\">\u201cHumanidade\u201d <\/a>\u2013 C\u00e9sar Luis Theis<\/li>\n\n\n\n<li>2\u00ba <a href=\"https:\/\/cajamar.sp.gov.br\/turismo\/wp-content\/uploads\/sites\/32\/2025\/12\/2o-lugar-poema-thiago-de-oliveira-santinho-arqueologia-do-pulso.pdf\">\u201cArqueologia do pulso&#8221;<\/a> \u2013 Thiago de Oliveira Santinho<\/li>\n\n\n\n<li><strong>1\u00ba <a href=\"https:\/\/cajamar.sp.gov.br\/turismo\/wp-content\/uploads\/sites\/32\/2025\/12\/1o-lugar-poema-diane-do-nascimento-santos-metapoesia.pdf\">\u201cMetapoesIA\u201d<\/a> \u2013 Daiane do Nascimento Santos<\/strong><\/li>\n<\/ul>\n\n\n\n<p><\/p>\n\n\n\n<p>OUTROS DOCUMENTOS:<\/p>\n\n\n\n<ul class=\"wp-block-list\">\n<li><a href=\"https:\/\/cajamar.sp.gov.br\/turismo\/wp-content\/uploads\/sites\/32\/2025\/09\/dom-edicao-1517-concurso-literario.pdf\" data-type=\"link\" data-id=\"https:\/\/cajamar.sp.gov.br\/turismo\/wp-content\/uploads\/sites\/32\/2025\/09\/dom-edicao-1517-concurso-literario.pdf\">Di\u00e1rio Oficial &#8211; Edi\u00e7\u00e3o 1517<\/a><\/li>\n\n\n\n<li><a href=\"https:\/\/cajamar.sp.gov.br\/turismo\/wp-content\/uploads\/sites\/32\/2025\/09\/anexo-i-ficha-de-inscricao-categoria-juvenil-adulto.docx\" data-type=\"link\" data-id=\"https:\/\/cajamar.sp.gov.br\/turismo\/wp-content\/uploads\/sites\/32\/2025\/09\/anexo-i-ficha-de-inscricao-categoria-juvenil-adulto.docx\">Ficha de Inscri\u00e7\u00e3o (Juvenil-Adulto)<\/a><\/li>\n\n\n\n<li><a href=\"https:\/\/cajamar.sp.gov.br\/turismo\/wp-content\/uploads\/sites\/32\/2025\/09\/anexo-ii-ficha-de-inscricao-categoria-infantil.docx\" data-type=\"link\" data-id=\"https:\/\/cajamar.sp.gov.br\/turismo\/wp-content\/uploads\/sites\/32\/2025\/09\/anexo-ii-ficha-de-inscricao-categoria-infantil.docx\">Ficha de Inscri\u00e7\u00e3o (Infantil)<\/a><\/li>\n\n\n\n<li><a href=\"https:\/\/cajamar.sp.gov.br\/turismo\/wp-content\/uploads\/sites\/32\/2025\/09\/anexo-iii-termo-de-responsabilidade.docx\" data-type=\"link\" data-id=\"https:\/\/cajamar.sp.gov.br\/turismo\/wp-content\/uploads\/sites\/32\/2025\/09\/anexo-iii-termo-de-responsabilidade.docx\">Termo de Responsabilidade<\/a><\/li>\n\n\n\n<li><a href=\"https:\/\/cajamar.sp.gov.br\/turismo\/wp-content\/uploads\/sites\/32\/2025\/09\/anexo-iv-formulario-redacao-de-texto-categoria-infantil.docx\" data-type=\"link\" data-id=\"https:\/\/cajamar.sp.gov.br\/turismo\/wp-content\/uploads\/sites\/32\/2025\/09\/anexo-iv-formulario-redacao-de-texto-categoria-infantil.docx\">Formul\u00e1rio &#8211; Reda\u00e7\u00e3o de Texto (Infantil)<\/a><\/li>\n\n\n\n<li><a href=\"https:\/\/cajamar.sp.gov.br\/turismo\/wp-content\/uploads\/sites\/32\/2025\/09\/anexo-v-cronograma.docx\" data-type=\"link\" data-id=\"https:\/\/cajamar.sp.gov.br\/turismo\/wp-content\/uploads\/sites\/32\/2025\/09\/anexo-v-cronograma.docx\">Cronograma<\/a><\/li>\n\n\n\n<li><a href=\"https:\/\/cajamar.sp.gov.br\/turismo\/wp-content\/uploads\/sites\/32\/2025\/10\/dom-edicao-1517-regulamento-concurso-literario.pdf\" data-type=\"link\" data-id=\"https:\/\/cajamar.sp.gov.br\/turismo\/wp-content\/uploads\/sites\/32\/2025\/09\/anexo-v-cronograma.docx\">Regulamento Concurso Liter\u00e1rio<\/a><\/li>\n\n\n\n<li><a href=\"https:\/\/cajamar.sp.gov.br\/turismo\/wp-content\/uploads\/sites\/32\/2025\/10\/dom-edicao-1532-lista-preliminar-aptos-e-inaptos.pdf\" data-type=\"link\" data-id=\"https:\/\/cajamar.sp.gov.br\/turismo\/wp-content\/uploads\/sites\/32\/2025\/09\/anexo-v-cronograma.docx\">Lista Preliminar Aptos e Inaptos<\/a><\/li>\n\n\n\n<li><a href=\"https:\/\/cajamar.sp.gov.br\/turismo\/wp-content\/uploads\/sites\/32\/2025\/10\/dom-edicao-no1538-list-final-aptos.pdf\" data-type=\"link\" data-id=\"https:\/\/cajamar.sp.gov.br\/turismo\/wp-content\/uploads\/sites\/32\/2025\/09\/anexo-v-cronograma.docx\">Lista Final de Aptos<\/a><\/li>\n<\/ul>\n\n\n\n<p><\/p>\n","protected":false},"excerpt":{"rendered":"<p>Criado com o prop\u00f3sito de incentivar, divulgar e reconhecer a cria\u00e7\u00e3o liter\u00e1ria de autores cajamarenses, o concurso busca ampliar o uso das bibliotecas municipais como ambientes de est\u00edmulo \u00e0 cultura. Conhe\u00e7a os vencedores da 9\u00aa edi\u00e7\u00e3o do Concurso Liter\u00e1rio de Cajamar: CATEGORIA INFANTIL Subcategoria 02 (10-11 anos) 1\u00ba \u201cC\u00e9u de jacas\u201d \u2013 Heitor Oliveira Santos [&hellip;]<\/p>\n","protected":false},"author":40,"featured_media":0,"parent":0,"menu_order":0,"comment_status":"closed","ping_status":"closed","template":"","meta":{"footnotes":""},"class_list":["post-850","page","type-page","status-publish","hentry"],"_links":{"self":[{"href":"https:\/\/cajamar.sp.gov.br\/turismo\/wp-json\/wp\/v2\/pages\/850","targetHints":{"allow":["GET"]}}],"collection":[{"href":"https:\/\/cajamar.sp.gov.br\/turismo\/wp-json\/wp\/v2\/pages"}],"about":[{"href":"https:\/\/cajamar.sp.gov.br\/turismo\/wp-json\/wp\/v2\/types\/page"}],"author":[{"embeddable":true,"href":"https:\/\/cajamar.sp.gov.br\/turismo\/wp-json\/wp\/v2\/users\/40"}],"replies":[{"embeddable":true,"href":"https:\/\/cajamar.sp.gov.br\/turismo\/wp-json\/wp\/v2\/comments?post=850"}],"version-history":[{"count":5,"href":"https:\/\/cajamar.sp.gov.br\/turismo\/wp-json\/wp\/v2\/pages\/850\/revisions"}],"predecessor-version":[{"id":950,"href":"https:\/\/cajamar.sp.gov.br\/turismo\/wp-json\/wp\/v2\/pages\/850\/revisions\/950"}],"wp:attachment":[{"href":"https:\/\/cajamar.sp.gov.br\/turismo\/wp-json\/wp\/v2\/media?parent=850"}],"curies":[{"name":"wp","href":"https:\/\/api.w.org\/{rel}","templated":true}]}}