{"id":908,"date":"2025-11-24T12:27:48","date_gmt":"2025-11-24T15:27:48","guid":{"rendered":"https:\/\/cajamar.sp.gov.br\/turismo\/?page_id=908"},"modified":"2026-03-02T10:11:14","modified_gmt":"2026-03-02T13:11:14","slug":"regulamento-2026","status":"publish","type":"page","link":"https:\/\/cajamar.sp.gov.br\/turismo\/regulamento-2026\/","title":{"rendered":"Degusta Cajamar 2026"},"content":{"rendered":"\n<h2 class=\"wp-block-heading\">Conhe\u00e7a os finalistas da vota\u00e7\u00e3o popular<\/h2>\n\n\n\n<p>A Prefeitura de Cajamar, atrav\u00e9s da Secretaria Municipal de Turismo e Cultura, anuncia os 12 finalistas das quatro categorias do 3\u00ba Festival Gastron\u00f4mico Degusta Cajamar. De 02 de fevereiro a 01 de mar\u00e7o, o p\u00fablico teve a oportunidade de visitar os estabelecimentos e votar nos pratos participantes. Os estabelecimentos finalistas avan\u00e7am para a pr\u00f3xima etapa do festival, em 09 de mar\u00e7o, onde um j\u00fari especializado avaliar\u00e1 os participantes nos crit\u00e9rios sabor, apresenta\u00e7\u00e3o, criatividade e originalidade.<\/p>\n\n\n\n<p>Confira, em ordem alfab\u00e9tica, os finalistas de cada categoria:<\/p>\n\n\n\n<p><strong>MELHOR PRATO SALGADO:<\/strong><br>\ud83d\udd39 Japiap\u00e9 Restaurante e Turismo<br>\ud83d\udd39 Nostra Casa Trattoria<br>\ud83d\udd39 Padaria Bella Luna<\/p>\n\n\n\n<p><strong>MELHOR POR\u00c7\u00c3O:<\/strong><br>\ud83d\udd39 Japiapesca Turismo e Lazer<br>\ud83d\udd39 Mil Grau Burger<br>\ud83d\udd39 Rancho Costaneira<\/p>\n\n\n\n<p><strong>MELHOR LANCHE:<\/strong><br>\ud83d\udd39 Bazuka Burger<br>\ud83d\udd39 Coliseum Burger<br>\ud83d\udd39 Nin\u00e3o Creperia<\/p>\n\n\n\n<p><strong>MELHOR PRATO DOCE:<\/strong><br>\ud83d\udd39 By Vanessa Bolos e Doce<br>\ud83d\udd39 Jucolatte<br>\ud83d\udd39 Maju Confeitaria<\/p>\n\n\n\n<p><strong><a href=\"https:\/\/cajamar.sp.gov.br\/turismo\/wp-content\/uploads\/sites\/32\/2026\/03\/finalistas-degusta-cajamar-2026.pdf\">Confira a pontua\u00e7\u00e3o aqui!<\/a> <\/strong><\/p>\n\n\n\n<p>Agradecemos a todos os participantes que integraram o Degusta Cajamar 2026.<\/p>\n\n\n\n<p>A dedica\u00e7\u00e3o, o profissionalismo e a qualidade apresentados por cada estabelecimento foram essenciais para o sucesso da iniciativa e para o fortalecimento da gastronomia do nosso munic\u00edpio. Cada participante teve papel fundamental na constru\u00e7\u00e3o de uma edi\u00e7\u00e3o marcada pelo talento e pela diversidade de sabores.<\/p>\n\n\n\n<p>Esperamos contar com a presen\u00e7a de todos na pr\u00f3xima edi\u00e7\u00e3o.<\/p>\n\n\n\n<p>Muito obrigado por contribu\u00edrem para o sucesso do Degusta Cajamar 2026 e boa sorte aos finalistas.<\/p>\n\n\n\n<p><\/p>\n\n\n\n<p><\/p>\n","protected":false},"excerpt":{"rendered":"<p>Conhe\u00e7a os finalistas da vota\u00e7\u00e3o popular A Prefeitura de Cajamar, atrav\u00e9s da Secretaria Municipal de Turismo e Cultura, anuncia os 12 finalistas das quatro categorias do 3\u00ba Festival Gastron\u00f4mico Degusta Cajamar. De 02 de fevereiro a 01 de mar\u00e7o, o p\u00fablico teve a oportunidade de visitar os estabelecimentos e votar nos pratos participantes. Os estabelecimentos [&hellip;]<\/p>\n","protected":false},"author":43,"featured_media":0,"parent":0,"menu_order":0,"comment_status":"closed","ping_status":"closed","template":"","meta":{"footnotes":""},"class_list":["post-908","page","type-page","status-publish","hentry"],"_links":{"self":[{"href":"https:\/\/cajamar.sp.gov.br\/turismo\/wp-json\/wp\/v2\/pages\/908","targetHints":{"allow":["GET"]}}],"collection":[{"href":"https:\/\/cajamar.sp.gov.br\/turismo\/wp-json\/wp\/v2\/pages"}],"about":[{"href":"https:\/\/cajamar.sp.gov.br\/turismo\/wp-json\/wp\/v2\/types\/page"}],"author":[{"embeddable":true,"href":"https:\/\/cajamar.sp.gov.br\/turismo\/wp-json\/wp\/v2\/users\/43"}],"replies":[{"embeddable":true,"href":"https:\/\/cajamar.sp.gov.br\/turismo\/wp-json\/wp\/v2\/comments?post=908"}],"version-history":[{"count":5,"href":"https:\/\/cajamar.sp.gov.br\/turismo\/wp-json\/wp\/v2\/pages\/908\/revisions"}],"predecessor-version":[{"id":1029,"href":"https:\/\/cajamar.sp.gov.br\/turismo\/wp-json\/wp\/v2\/pages\/908\/revisions\/1029"}],"wp:attachment":[{"href":"https:\/\/cajamar.sp.gov.br\/turismo\/wp-json\/wp\/v2\/media?parent=908"}],"curies":[{"name":"wp","href":"https:\/\/api.w.org\/{rel}","templated":true}]}}